{"id":65,"date":"2020-06-12T16:12:43","date_gmt":"2020-06-12T14:12:43","guid":{"rendered":"http:\/\/www.taxnetto.pl\/?page_id=65"},"modified":"2026-02-06T15:11:30","modified_gmt":"2026-02-06T14:11:30","slug":"wirtualne-biuro","status":"publish","type":"page","link":"https:\/\/www.taxnetto.pl\/index.php\/zakladanie-firm\/wirtualne-biuro\/","title":{"rendered":"Wirtualne Biuro"},"content":{"rendered":"\t\t<div data-elementor-type=\"wp-page\" data-elementor-id=\"65\" class=\"elementor elementor-65\">\n\t\t\t\t\t\t<div class=\"elementor-inner\">\n\t\t\t\t<div class=\"elementor-section-wrap\">\n\t\t\t\t\t\t\t\t\t<section class=\"elementor-section elementor-top-section elementor-element elementor-element-60885b69 elementor-section-boxed elementor-section-height-default elementor-section-height-default\" data-id=\"60885b69\" data-element_type=\"section\">\n\t\t\t\t\t\t<div class=\"elementor-container elementor-column-gap-default\">\n\t\t\t\t\t\t\t<div class=\"elementor-row\">\n\t\t\t\t\t<div class=\"elementor-column elementor-col-66 elementor-top-column elementor-element elementor-element-2f99f9f7\" data-id=\"2f99f9f7\" data-element_type=\"column\">\n\t\t\t<div class=\"elementor-column-wrap elementor-element-populated\">\n\t\t\t\t\t\t\t<div class=\"elementor-widget-wrap\">\n\t\t\t\t\t\t<div class=\"elementor-element elementor-element-90dee7b elementor-widget elementor-widget-heading\" data-id=\"90dee7b\" data-element_type=\"widget\" data-widget_type=\"heading.default\">\n\t\t\t\t<div class=\"elementor-widget-container\">\n\t\t\t<h4 class=\"elementor-heading-title elementor-size-large\">WIRTUALNE BIURO<\/h4>\t\t<\/div>\n\t\t\t\t<\/div>\n\t\t\t\t<div class=\"elementor-element elementor-element-58333e7 elementor-widget elementor-widget-image\" data-id=\"58333e7\" data-element_type=\"widget\" data-widget_type=\"image.default\">\n\t\t\t\t<div class=\"elementor-widget-container\">\n\t\t\t\t\t\t\t\t<div class=\"elementor-image\">\n\t\t\t\t\t\t\t\t\t\t\t\t<img decoding=\"async\" width=\"1200\" height=\"300\" src=\"https:\/\/www.taxnetto.pl\/wp-content\/uploads\/2020\/07\/firma4.jpg\" class=\"attachment-full size-full wp-image-371\" alt=\"\" loading=\"lazy\" srcset=\"https:\/\/www.taxnetto.pl\/wp-content\/uploads\/2020\/07\/firma4.jpg 1200w, https:\/\/www.taxnetto.pl\/wp-content\/uploads\/2020\/07\/firma4-300x75.jpg 300w, https:\/\/www.taxnetto.pl\/wp-content\/uploads\/2020\/07\/firma4-1024x256.jpg 1024w, https:\/\/www.taxnetto.pl\/wp-content\/uploads\/2020\/07\/firma4-768x192.jpg 768w, https:\/\/www.taxnetto.pl\/wp-content\/uploads\/2020\/07\/firma4-700x175.jpg 700w, https:\/\/www.taxnetto.pl\/wp-content\/uploads\/2020\/07\/firma4-520x130.jpg 520w, https:\/\/www.taxnetto.pl\/wp-content\/uploads\/2020\/07\/firma4-360x90.jpg 360w, https:\/\/www.taxnetto.pl\/wp-content\/uploads\/2020\/07\/firma4-250x63.jpg 250w, https:\/\/www.taxnetto.pl\/wp-content\/uploads\/2020\/07\/firma4-100x25.jpg 100w\" sizes=\"(max-width: 1200px) 100vw, 1200px\" \/>\t\t\t\t\t\t\t\t\t\t\t\t\t\t<\/div>\n\t\t\t\t\t\t<\/div>\n\t\t\t\t<\/div>\n\t\t\t\t<div class=\"elementor-element elementor-element-13975a5 elementor-widget elementor-widget-text-editor\" data-id=\"13975a5\" data-element_type=\"widget\" data-widget_type=\"text-editor.default\">\n\t\t\t\t<div class=\"elementor-widget-container\">\n\t\t\t\t\t\t\t\t<div class=\"elementor-text-editor elementor-clearfix\">\n\t\t\t\t<p>Nie masz lokalu na dzia\u0142alno\u015b\u0107, \u017caden problem. Biuro Rachunkowe <strong>TAX-NETTO<\/strong> \u015bwiadczy us\u0142ugi <strong>wirtualnego biura<\/strong>.W zakres us\u0142ugi wchodzi:<\/p><ul><li>udost\u0119pnienie adresu do rejestracji<\/li><li>obs\u0142uga korespondencji<\/li><\/ul><p>Dodatkowo nasi klienci korzystaj\u0105cy z wirtualnego biura mog\u0105 w preferencyjnych cenach:<\/p><ul><li>wynaj\u0105\u0107 sal\u0119 szkoleniow\u0105<\/li><li>wynaj\u0105\u0107 sal\u0119 do spotka\u0144<\/li><li>wykupi\u0107 us\u0142ug\u0119 obs\u0142ugi p\u0142atno\u015bci<\/li><li>wykupi\u0107 obs\u0142ug\u0119 telefon\u00f3w, maili i faks\u00f3w<\/li><\/ul>\t\t\t\t\t<\/div>\n\t\t\t\t\t\t<\/div>\n\t\t\t\t<\/div>\n\t\t\t\t<div class=\"elementor-element elementor-element-54cf61d elementor-widget elementor-widget-text-editor\" data-id=\"54cf61d\" data-element_type=\"widget\" data-widget_type=\"text-editor.default\">\n\t\t\t\t<div class=\"elementor-widget-container\">\n\t\t\t\t\t\t\t\t<div class=\"elementor-text-editor elementor-clearfix\">\n\t\t\t\t<p>DLA KLIENT\u00d3W PODPISUJ\u0104CYCH UMOW\u0118 Z BIUREM RACHUNKOWYM <strong>TAX-NETTO<\/strong> CENA WIRTUALNEGO BIURA JU\u017b OD<strong> 180 z\u0142.<br><\/strong><\/p>\t\t\t\t\t<\/div>\n\t\t\t\t\t\t<\/div>\n\t\t\t\t<\/div>\n\t\t\t\t\t\t<\/div>\n\t\t\t\t\t<\/div>\n\t\t<\/div>\n\t\t\t\t<div class=\"elementor-column elementor-col-33 elementor-top-column elementor-element elementor-element-140ab20c\" data-id=\"140ab20c\" data-element_type=\"column\">\n\t\t\t<div class=\"elementor-column-wrap elementor-element-populated\">\n\t\t\t\t\t\t\t<div class=\"elementor-widget-wrap\">\n\t\t\t\t\t\t<div class=\"elementor-element elementor-element-74ab6623 elementor-align-justify elementor-widget elementor-widget-button\" data-id=\"74ab6623\" data-element_type=\"widget\" data-widget_type=\"button.default\">\n\t\t\t\t<div class=\"elementor-widget-container\">\n\t\t\t\t\t<div class=\"elementor-button-wrapper\">\n\t\t\t<a href=\"http:\/\/www.taxnetto.pl\/index.php\/kontakt\/\" class=\"elementor-button-link elementor-button elementor-size-sm\" role=\"button\">\n\t\t\t\t\t\t<span class=\"elementor-button-content-wrapper\">\n\t\t\t\t\t\t<span class=\"elementor-button-text\">Kontakt<\/span>\n\t\t<\/span>\n\t\t\t\t\t<\/a>\n\t\t<\/div>\n\t\t\t\t<\/div>\n\t\t\t\t<\/div>\n\t\t\t\t<div class=\"elementor-element elementor-element-615dbc3 elementor-widget elementor-widget-text-editor\" data-id=\"615dbc3\" data-element_type=\"widget\" data-widget_type=\"text-editor.default\">\n\t\t\t\t<div class=\"elementor-widget-container\">\n\t\t\t\t\t\t\t\t<div class=\"elementor-text-editor elementor-clearfix\">\n\t\t\t\t<pre><strong>Biuro Czernich\u00f3w:<\/strong><br \/>tel. <strong>797 734 899<\/strong>\u00a0<br \/><strong>Biuro Cieszyn:<\/strong><br \/>tel. <strong>502 315 875<\/strong><\/pre>\t\t\t\t\t<\/div>\n\t\t\t\t\t\t<\/div>\n\t\t\t\t<\/div>\n\t\t\t\t<div class=\"elementor-element elementor-element-23da7785 elementor-widget elementor-widget-text-editor\" data-id=\"23da7785\" data-element_type=\"widget\" data-widget_type=\"text-editor.default\">\n\t\t\t\t<div class=\"elementor-widget-container\">\n\t\t\t\t\t\t\t\t<div class=\"elementor-text-editor elementor-clearfix\">\n\t\t\t\t<p><strong>\u015awiadectwa<\/strong><\/p>\t\t\t\t\t<\/div>\n\t\t\t\t\t\t<\/div>\n\t\t\t\t<\/div>\n\t\t\t\t<div class=\"elementor-element elementor-element-6938b3f8 elementor-widget elementor-widget-image\" data-id=\"6938b3f8\" data-element_type=\"widget\" data-widget_type=\"image.default\">\n\t\t\t\t<div class=\"elementor-widget-container\">\n\t\t\t\t\t\t\t\t<div class=\"elementor-image\">\n\t\t\t\t\t\t\t\t\t\t\t\t\t<a href=\"http:\/\/www.taxnetto.pl\/wp-content\/uploads\/2020\/06\/\u015aWIADECTWO.png\">\n\t\t\t\t\t\t\t<img decoding=\"async\" width=\"640\" height=\"243\" src=\"https:\/\/www.taxnetto.pl\/wp-content\/uploads\/2020\/06\/certyfikat-ministerstwa-finans\u00f3w.jpg\" class=\"attachment-large size-large wp-image-279\" alt=\"\" loading=\"lazy\" srcset=\"https:\/\/www.taxnetto.pl\/wp-content\/uploads\/2020\/06\/certyfikat-ministerstwa-finans\u00f3w.jpg 840w, https:\/\/www.taxnetto.pl\/wp-content\/uploads\/2020\/06\/certyfikat-ministerstwa-finans\u00f3w-300x114.jpg 300w, https:\/\/www.taxnetto.pl\/wp-content\/uploads\/2020\/06\/certyfikat-ministerstwa-finans\u00f3w-768x292.jpg 768w, https:\/\/www.taxnetto.pl\/wp-content\/uploads\/2020\/06\/certyfikat-ministerstwa-finans\u00f3w-700x266.jpg 700w, https:\/\/www.taxnetto.pl\/wp-content\/uploads\/2020\/06\/certyfikat-ministerstwa-finans\u00f3w-520x197.jpg 520w, https:\/\/www.taxnetto.pl\/wp-content\/uploads\/2020\/06\/certyfikat-ministerstwa-finans\u00f3w-360x137.jpg 360w, https:\/\/www.taxnetto.pl\/wp-content\/uploads\/2020\/06\/certyfikat-ministerstwa-finans\u00f3w-250x95.jpg 250w, https:\/\/www.taxnetto.pl\/wp-content\/uploads\/2020\/06\/certyfikat-ministerstwa-finans\u00f3w-100x38.jpg 100w\" sizes=\"(max-width: 640px) 100vw, 640px\" \/>\t\t\t\t\t\t\t\t<\/a>\n\t\t\t\t\t\t\t\t\t\t\t\t\t\t<\/div>\n\t\t\t\t\t\t<\/div>\n\t\t\t\t<\/div>\n\t\t\t\t<div class=\"elementor-element elementor-element-67f7d35 elementor-widget elementor-widget-text-editor\" data-id=\"67f7d35\" data-element_type=\"widget\" data-widget_type=\"text-editor.default\">\n\t\t\t\t<div class=\"elementor-widget-container\">\n\t\t\t\t\t\t\t\t<div class=\"elementor-text-editor elementor-clearfix\">\n\t\t\t\t<p><strong>Certyfikaty<\/strong><\/p>\t\t\t\t\t<\/div>\n\t\t\t\t\t\t<\/div>\n\t\t\t\t<\/div>\n\t\t\t\t<div class=\"elementor-element elementor-element-3b3a89f3 elementor-widget elementor-widget-image\" data-id=\"3b3a89f3\" data-element_type=\"widget\" data-widget_type=\"image.default\">\n\t\t\t\t<div class=\"elementor-widget-container\">\n\t\t\t\t\t\t\t\t<div class=\"elementor-image\">\n\t\t\t\t\t\t\t\t\t\t\t\t\t<a href=\"https:\/\/www.cik.org.pl\/biuro\/tax-netto-sp-z-o-o-7737\" target=\"_blank\">\n\t\t\t\t\t\t\t<img decoding=\"async\" width=\"400\" height=\"141\" src=\"https:\/\/www.taxnetto.pl\/wp-content\/uploads\/2020\/06\/cik-baner.png\" class=\"attachment-large size-large wp-image-178\" alt=\"cik-taxnetto\" loading=\"lazy\" srcset=\"https:\/\/www.taxnetto.pl\/wp-content\/uploads\/2020\/06\/cik-baner.png 400w, https:\/\/www.taxnetto.pl\/wp-content\/uploads\/2020\/06\/cik-baner-300x106.png 300w, https:\/\/www.taxnetto.pl\/wp-content\/uploads\/2020\/06\/cik-baner-360x127.png 360w, https:\/\/www.taxnetto.pl\/wp-content\/uploads\/2020\/06\/cik-baner-250x88.png 250w, https:\/\/www.taxnetto.pl\/wp-content\/uploads\/2020\/06\/cik-baner-100x35.png 100w\" sizes=\"(max-width: 400px) 100vw, 400px\" \/>\t\t\t\t\t\t\t\t<\/a>\n\t\t\t\t\t\t\t\t\t\t\t\t\t\t<\/div>\n\t\t\t\t\t\t<\/div>\n\t\t\t\t<\/div>\n\t\t\t\t<div class=\"elementor-element elementor-element-c6c414a elementor-widget elementor-widget-spacer\" data-id=\"c6c414a\" data-element_type=\"widget\" data-widget_type=\"spacer.default\">\n\t\t\t\t<div class=\"elementor-widget-container\">\n\t\t\t\t\t<div class=\"elementor-spacer\">\n\t\t\t<div class=\"elementor-spacer-inner\"><\/div>\n\t\t<\/div>\n\t\t\t\t<\/div>\n\t\t\t\t<\/div>\n\t\t\t\t<div class=\"elementor-element elementor-element-7d733eb elementor-widget elementor-widget-image\" data-id=\"7d733eb\" data-element_type=\"widget\" data-widget_type=\"image.default\">\n\t\t\t\t<div class=\"elementor-widget-container\">\n\t\t\t\t\t\t\t\t<div class=\"elementor-image\">\n\t\t\t\t\t\t\t\t\t\t\t\t\t<a href=\"http:\/\/www.taxnetto.pl\/wp-content\/uploads\/2020\/07\/CERTYFIKAT-LOKALNI-KSIEGOWI-1.png\">\n\t\t\t\t\t\t\t<img decoding=\"async\" width=\"200\" height=\"65\" src=\"https:\/\/www.taxnetto.pl\/wp-content\/uploads\/2020\/07\/0-e1595589840329.png\" class=\"attachment-full size-full wp-image-417\" alt=\"\" loading=\"lazy\" srcset=\"https:\/\/www.taxnetto.pl\/wp-content\/uploads\/2020\/07\/0-e1595589840329.png 200w, https:\/\/www.taxnetto.pl\/wp-content\/uploads\/2020\/07\/0-e1595589840329-100x33.png 100w\" sizes=\"(max-width: 200px) 100vw, 200px\" \/>\t\t\t\t\t\t\t\t<\/a>\n\t\t\t\t\t\t\t\t\t\t\t\t\t\t<\/div>\n\t\t\t\t\t\t<\/div>\n\t\t\t\t<\/div>\n\t\t\t\t<div class=\"elementor-element elementor-element-7d57001b elementor-align-justify elementor-widget elementor-widget-button\" data-id=\"7d57001b\" data-element_type=\"widget\" data-widget_type=\"button.default\">\n\t\t\t\t<div class=\"elementor-widget-container\">\n\t\t\t\t\t<div class=\"elementor-button-wrapper\">\n\t\t\t<a href=\"http:\/\/www.taxnetto.pl\/index.php\/cennik\/\" class=\"elementor-button-link elementor-button elementor-size-md\" role=\"button\">\n\t\t\t\t\t\t<span class=\"elementor-button-content-wrapper\">\n\t\t\t\t\t\t<span class=\"elementor-button-text\">Cennik<\/span>\n\t\t<\/span>\n\t\t\t\t\t<\/a>\n\t\t<\/div>\n\t\t\t\t<\/div>\n\t\t\t\t<\/div>\n\t\t\t\t<div class=\"elementor-element elementor-element-66d736c2 elementor-widget elementor-widget-text-editor\" data-id=\"66d736c2\" data-element_type=\"widget\" data-widget_type=\"text-editor.default\">\n\t\t\t\t<div class=\"elementor-widget-container\">\n\t\t\t\t\t\t\t\t<div class=\"elementor-text-editor elementor-clearfix\">\n\t\t\t\t<style type=\"text\/css\">\n.odnosnik {\n  color: #35393d; \/\/ Kolor zwyk\u0142ego odno\u015bnika\n  \/\/ inne style\n}\n.odnosnik:hover {\n  color: #eb5a25; \/\/ Kolor \"najechanego\" odno\u015bnika\n  \/\/ inne style\n}\n<\/style>\n<a href=\"http:\/\/www.taxnetto.pl\/index.php\/cennik\/ewidencja-ryczaltowa\/\" class=\"odnosnik\">Ewidnecja Rycza\u0142towa<\/a>\n<\/br>\n<\/style>\n<a href=\"http:\/\/www.taxnetto.pl\/index.php\/cennik\/ksiega-przychodow-i-rozchodow\/\" class=\"odnosnik\">Ksi\u0119ga Przychod\u00f3w i Rozchod\u00f3w<\/a>\n<\/br>\n<\/style>\n<a href=\"http:\/\/www.taxnetto.pl\/index.php\/cennik\/ksiegi-handlowe\/\" class=\"odnosnik\">Ksi\u0119gi Handlowe<\/a>\n<\/br>\n<\/style>\n<a href=\"http:\/\/www.taxnetto.pl\/index.php\/cennik\/kadry-i-place\/\" class=\"odnosnik\">Kadry i P\u0142ace<\/a>\n<\/br>\n<\/style>\n<a href=\"http:\/\/www.taxnetto.pl\/index.php\/cennik\/uslugi-dodatkowe\/\" class=\"odnosnik\">Us\u0142ugi Dodatkowe<\/a>\n<\/br>\n<\/style>\n<a href=\"http:\/\/www.taxnetto.pl\/index.php\/cennik\/oplaty-administracyjne\/\" class=\"odnosnik\">Op\u0142aty Administracyjne<\/a>\t\t\t\t\t<\/div>\n\t\t\t\t\t\t<\/div>\n\t\t\t\t<\/div>\n\t\t\t\t<div class=\"elementor-element elementor-element-9f99f34 elementor-align-justify elementor-widget elementor-widget-button\" data-id=\"9f99f34\" data-element_type=\"widget\" data-widget_type=\"button.default\">\n\t\t\t\t<div class=\"elementor-widget-container\">\n\t\t\t\t\t<div class=\"elementor-button-wrapper\">\n\t\t\t<a href=\"http:\/\/www.taxnetto.pl\/index.php\/zakladanie-firm\/\" class=\"elementor-button-link elementor-button elementor-size-sm\" role=\"button\">\n\t\t\t\t\t\t<span class=\"elementor-button-content-wrapper\">\n\t\t\t\t\t\t<span class=\"elementor-button-text\">Zak\u0142adanie Firm<\/span>\n\t\t<\/span>\n\t\t\t\t\t<\/a>\n\t\t<\/div>\n\t\t\t\t<\/div>\n\t\t\t\t<\/div>\n\t\t\t\t<div class=\"elementor-element elementor-element-1877f470 elementor-widget elementor-widget-text-editor\" data-id=\"1877f470\" data-element_type=\"widget\" data-widget_type=\"text-editor.default\">\n\t\t\t\t<div class=\"elementor-widget-container\">\n\t\t\t\t\t\t\t\t<div class=\"elementor-text-editor elementor-clearfix\">\n\t\t\t\t<style type=\"text\/css\">\n.odnosnik {\n  color: #35393d; \/\/ Kolor zwyk\u0142ego odno\u015bnika\n  \/\/ inne style\n}\n.odnosnik:hover {\n  color: #eb5a25; \/\/ Kolor \"najechanego\" odno\u015bnika\n  \/\/ inne style\n}\n<\/br>\n<\/style>\n<a href=\"http:\/\/www.taxnetto.pl\/index.php\/zakladanie-firm\/dzialalnosc-gospodarcza\/\" class=\"odnosnik\">Dzia\u0142alno\u015b\u0107 Gospodarcza<\/a>\n<\/br>\n<\/style>\n<a href=\"http:\/\/www.taxnetto.pl\/index.php\/zakladanie-firm\/sp-z-o-o\/\" class=\"odnosnik\">Sp. z o.o.<\/a>\n<\/br>\n<\/style>\n<a href=\"http:\/\/www.taxnetto.pl\/index.php\/zakladanie-firm\/wirtualne-biuro\/\" class=\"odnosnik\">Wirtualne Biuro<\/a>\t\t\t\t\t<\/div>\n\t\t\t\t\t\t<\/div>\n\t\t\t\t<\/div>\n\t\t\t\t<div class=\"elementor-element elementor-element-7a7926b4 elementor-widget elementor-widget-text-editor\" data-id=\"7a7926b4\" data-element_type=\"widget\" data-widget_type=\"text-editor.default\">\n\t\t\t\t<div class=\"elementor-widget-container\">\n\t\t\t\t\t\t\t\t<div class=\"elementor-text-editor elementor-clearfix\">\n\t\t\t\t<p><strong>Artyku\u0142y<\/strong><\/p>\t\t\t\t\t<\/div>\n\t\t\t\t\t\t<\/div>\n\t\t\t\t<\/div>\n\t\t\t\t<div class=\"elementor-element elementor-element-7bbad274 elementor-widget elementor-widget-wp-widget-recent-posts\" data-id=\"7bbad274\" data-element_type=\"widget\" data-widget_type=\"wp-widget-recent-posts.default\">\n\t\t\t\t<div class=\"elementor-widget-container\">\n\t\t\t\n\t\t\n\t\t<h5>.<\/h5>\n\t\t<ul>\n\t\t\t\t\t\t\t\t\t\t\t<li>\n\t\t\t\t\t<a href=\"https:\/\/www.taxnetto.pl\/index.php\/2023\/12\/13\/krajowy-system-e-faktur-ksef-cz-1\/\">Krajowy System e Faktur (KseF) cz.1<\/a>\n\t\t\t\t\t\t\t\t\t\t\t<span class=\"post-date\">2023-12-13<\/span>\n\t\t\t\t\t\t\t\t\t<\/li>\n\t\t\t\t\t\t\t\t\t\t\t<li>\n\t\t\t\t\t<a href=\"https:\/\/www.taxnetto.pl\/index.php\/2021\/12\/08\/nowy-lad\/\">Nowy \u0141ad a wynagrodzenia pracownik\u00f3w<\/a>\n\t\t\t\t\t\t\t\t\t\t\t<span class=\"post-date\">2021-12-08<\/span>\n\t\t\t\t\t\t\t\t\t<\/li>\n\t\t\t\t\t\t\t\t\t\t\t<li>\n\t\t\t\t\t<a href=\"https:\/\/www.taxnetto.pl\/index.php\/2021\/08\/23\/zmiany-w-jpk-od-lipca-2021\/\">Zmiany w JPK od lipca 2021<\/a>\n\t\t\t\t\t\t\t\t\t\t\t<span class=\"post-date\">2021-08-23<\/span>\n\t\t\t\t\t\t\t\t\t<\/li>\n\t\t\t\t\t\t\t\t\t\t\t<li>\n\t\t\t\t\t<a href=\"https:\/\/www.taxnetto.pl\/index.php\/2021\/06\/18\/jedziemy-z-tematem-3\/\">Jedziemy z tematem #3<\/a>\n\t\t\t\t\t\t\t\t\t\t\t<span class=\"post-date\">2021-06-18<\/span>\n\t\t\t\t\t\t\t\t\t<\/li>\n\t\t\t\t\t\t\t\t\t\t\t<li>\n\t\t\t\t\t<a href=\"https:\/\/www.taxnetto.pl\/index.php\/2021\/06\/18\/jedziemy-z-tematem-2\/\">Jedziemy z tematem #2<\/a>\n\t\t\t\t\t\t\t\t\t\t\t<span class=\"post-date\">2021-06-18<\/span>\n\t\t\t\t\t\t\t\t\t<\/li>\n\t\t\t\t\t<\/ul>\n\n\t\t\t\t<\/div>\n\t\t\t\t<\/div>\n\t\t\t\t<div class=\"elementor-element elementor-element-10242b9e elementor-widget elementor-widget-text-editor\" data-id=\"10242b9e\" data-element_type=\"widget\" data-widget_type=\"text-editor.default\">\n\t\t\t\t<div class=\"elementor-widget-container\">\n\t\t\t\t\t\t\t\t<div class=\"elementor-text-editor elementor-clearfix\">\n\t\t\t\t<p><strong>Szukaj<\/strong><\/p>\t\t\t\t\t<\/div>\n\t\t\t\t\t\t<\/div>\n\t\t\t\t<\/div>\n\t\t\t\t<div class=\"elementor-element elementor-element-598d1dd4 elementor-widget elementor-widget-wp-widget-search\" data-id=\"598d1dd4\" data-element_type=\"widget\" data-widget_type=\"wp-widget-search.default\">\n\t\t\t\t<div class=\"elementor-widget-container\">\n\t\t\t<form role=\"search\" method=\"get\" class=\"search-form\" action=\"https:\/\/www.taxnetto.pl\/\">\n\t\t\t\t<label>\n\t\t\t\t\t<span class=\"screen-reader-text\">Szukaj:<\/span>\n\t\t\t\t\t<input type=\"search\" class=\"search-field\" placeholder=\"Szukaj &hellip;\" value=\"\" name=\"s\" \/>\n\t\t\t\t<\/label>\n\t\t\t\t<input type=\"submit\" class=\"search-submit\" value=\"Szukaj\" \/>\n\t\t\t<\/form>\t\t<\/div>\n\t\t\t\t<\/div>\n\t\t\t\t\t\t<\/div>\n\t\t\t\t\t<\/div>\n\t\t<\/div>\n\t\t\t\t\t\t\t\t<\/div>\n\t\t\t\t\t<\/div>\n\t\t<\/section>\n\t\t\t\t<section class=\"elementor-section elementor-top-section elementor-element elementor-element-e4d3fa2 elementor-section-boxed elementor-section-height-default elementor-section-height-default\" data-id=\"e4d3fa2\" data-element_type=\"section\">\n\t\t\t\t\t\t<div class=\"elementor-container elementor-column-gap-default\">\n\t\t\t\t\t\t\t<div class=\"elementor-row\">\n\t\t\t\t\t<div class=\"elementor-column elementor-col-100 elementor-top-column elementor-element elementor-element-8533784\" data-id=\"8533784\" data-element_type=\"column\">\n\t\t\t<div class=\"elementor-column-wrap elementor-element-populated\">\n\t\t\t\t\t\t\t<div class=\"elementor-widget-wrap\">\n\t\t\t\t\t\t<div class=\"elementor-element elementor-element-b807caf elementor-widget elementor-widget-text-editor\" data-id=\"b807caf\" data-element_type=\"widget\" data-widget_type=\"text-editor.default\">\n\t\t\t\t<div class=\"elementor-widget-container\">\n\t\t\t\t\t\t\t\t<div class=\"elementor-text-editor elementor-clearfix\">\n\t\t\t\t<p><strong>Zaufali Nam<\/strong><\/p>\t\t\t\t\t<\/div>\n\t\t\t\t\t\t<\/div>\n\t\t\t\t<\/div>\n\t\t\t\t<div class=\"elementor-element elementor-element-2251d63 elementor-arrows-position-inside elementor-pagination-position-outside elementor-widget elementor-widget-image-carousel\" data-id=\"2251d63\" data-element_type=\"widget\" data-settings=\"{&quot;slides_to_show&quot;:&quot;3&quot;,&quot;navigation&quot;:&quot;both&quot;,&quot;autoplay&quot;:&quot;yes&quot;,&quot;pause_on_hover&quot;:&quot;yes&quot;,&quot;pause_on_interaction&quot;:&quot;yes&quot;,&quot;autoplay_speed&quot;:5000,&quot;infinite&quot;:&quot;yes&quot;,&quot;speed&quot;:500}\" data-widget_type=\"image-carousel.default\">\n\t\t\t\t<div class=\"elementor-widget-container\">\n\t\t\t\t\t<div class=\"elementor-image-carousel-wrapper swiper-container\" dir=\"ltr\">\n\t\t\t<div class=\"elementor-image-carousel swiper-wrapper\">\n\t\t\t\t\t\t\t\t<div class=\"swiper-slide\"><figure class=\"swiper-slide-inner\"><img decoding=\"async\" class=\"swiper-slide-image\" src=\"https:\/\/www.taxnetto.pl\/wp-content\/uploads\/2020\/06\/unigraf.png\" alt=\"unigraf.png\" \/><\/figure><\/div><div class=\"swiper-slide\"><figure class=\"swiper-slide-inner\"><img decoding=\"async\" class=\"swiper-slide-image\" src=\"https:\/\/www.taxnetto.pl\/wp-content\/uploads\/2020\/06\/skimaxx.png\" alt=\"skimaxx.png\" \/><\/figure><\/div><div class=\"swiper-slide\"><figure class=\"swiper-slide-inner\"><img decoding=\"async\" class=\"swiper-slide-image\" src=\"https:\/\/www.taxnetto.pl\/wp-content\/uploads\/2020\/06\/gal_dekor.png\" alt=\"gal_dekor.png\" \/><\/figure><\/div><div class=\"swiper-slide\"><figure class=\"swiper-slide-inner\"><img decoding=\"async\" class=\"swiper-slide-image\" src=\"https:\/\/www.taxnetto.pl\/wp-content\/uploads\/2020\/06\/artigraf-1.png\" alt=\"artigraf-1.png\" \/><\/figure><\/div><div class=\"swiper-slide\"><figure class=\"swiper-slide-inner\"><img decoding=\"async\" class=\"swiper-slide-image\" src=\"https:\/\/www.taxnetto.pl\/wp-content\/uploads\/2020\/06\/sport-klub.png\" alt=\"sport-klub.png\" \/><\/figure><\/div><div class=\"swiper-slide\"><figure class=\"swiper-slide-inner\"><img decoding=\"async\" class=\"swiper-slide-image\" src=\"https:\/\/www.taxnetto.pl\/wp-content\/uploads\/2020\/06\/skk_200x150.png\" alt=\"skk_200x150.png\" \/><\/figure><\/div><div class=\"swiper-slide\"><figure class=\"swiper-slide-inner\"><img decoding=\"async\" class=\"swiper-slide-image\" src=\"https:\/\/www.taxnetto.pl\/wp-content\/uploads\/2020\/06\/trenerp_400x150-2.png\" alt=\"trenerp_400x150-2.png\" \/><\/figure><\/div><div class=\"swiper-slide\"><figure class=\"swiper-slide-inner\"><img decoding=\"async\" class=\"swiper-slide-image\" src=\"https:\/\/www.taxnetto.pl\/wp-content\/uploads\/2020\/07\/jjcar_logo_bt.jpg\" alt=\"jjcar_logo_bt\" \/><\/figure><\/div><div class=\"swiper-slide\"><figure class=\"swiper-slide-inner\"><img decoding=\"async\" class=\"swiper-slide-image\" src=\"https:\/\/www.taxnetto.pl\/wp-content\/uploads\/2020\/07\/lgo1a.png\" alt=\"lgo1a\" \/><\/figure><\/div>\t\t\t<\/div>\n\t\t\t\t\t\t\t\t\t\t\t\t<div class=\"swiper-pagination\"><\/div>\n\t\t\t\t\t\t\t\t\t\t\t\t\t<div class=\"elementor-swiper-button elementor-swiper-button-prev\">\n\t\t\t\t\t\t<i aria-hidden=\"true\" class=\"eicon-chevron-left\"><\/i>\t\t\t\t\t\t<span class=\"elementor-screen-only\">Poprzednie<\/span>\n\t\t\t\t\t<\/div>\n\t\t\t\t\t<div class=\"elementor-swiper-button elementor-swiper-button-next\">\n\t\t\t\t\t\t<i aria-hidden=\"true\" class=\"eicon-chevron-right\"><\/i>\t\t\t\t\t\t<span class=\"elementor-screen-only\">Nast\u0119pne<\/span>\n\t\t\t\t\t<\/div>\n\t\t\t\t\t\t\t\t\t<\/div>\n\t\t\t\t<\/div>\n\t\t\t\t<\/div>\n\t\t\t\t\t\t<\/div>\n\t\t\t\t\t<\/div>\n\t\t<\/div>\n\t\t\t\t\t\t\t\t<\/div>\n\t\t\t\t\t<\/div>\n\t\t<\/section>\n\t\t\t\t\t\t\t\t\t<\/div>\n\t\t\t<\/div>\n\t\t\t\t\t<\/div>\n\t\t","protected":false},"excerpt":{"rendered":"<p>WIRTUALNE BIURO Nie masz lokalu na dzia\u0142alno\u015b\u0107, \u017caden problem. Biuro Rachunkowe TAX-NETTO \u015bwiadczy us\u0142ugi wirtualnego biura.W zakres us\u0142ugi wchodzi: udost\u0119pnienie adresu do rejestracji obs\u0142uga korespondencji Dodatkowo nasi klienci korzystaj\u0105cy z wirtualnego biura mog\u0105 w preferencyjnych cenach: wynaj\u0105\u0107 sal\u0119 szkoleniow\u0105 wynaj\u0105\u0107 [&hellip;]<\/p>\n","protected":false},"author":1,"featured_media":0,"parent":56,"menu_order":0,"comment_status":"closed","ping_status":"closed","template":"elementor_header_footer","meta":[],"_links":{"self":[{"href":"https:\/\/www.taxnetto.pl\/index.php\/wp-json\/wp\/v2\/pages\/65"}],"collection":[{"href":"https:\/\/www.taxnetto.pl\/index.php\/wp-json\/wp\/v2\/pages"}],"about":[{"href":"https:\/\/www.taxnetto.pl\/index.php\/wp-json\/wp\/v2\/types\/page"}],"author":[{"embeddable":true,"href":"https:\/\/www.taxnetto.pl\/index.php\/wp-json\/wp\/v2\/users\/1"}],"replies":[{"embeddable":true,"href":"https:\/\/www.taxnetto.pl\/index.php\/wp-json\/wp\/v2\/comments?post=65"}],"version-history":[{"count":25,"href":"https:\/\/www.taxnetto.pl\/index.php\/wp-json\/wp\/v2\/pages\/65\/revisions"}],"predecessor-version":[{"id":1196,"href":"https:\/\/www.taxnetto.pl\/index.php\/wp-json\/wp\/v2\/pages\/65\/revisions\/1196"}],"up":[{"embeddable":true,"href":"https:\/\/www.taxnetto.pl\/index.php\/wp-json\/wp\/v2\/pages\/56"}],"wp:attachment":[{"href":"https:\/\/www.taxnetto.pl\/index.php\/wp-json\/wp\/v2\/media?parent=65"}],"curies":[{"name":"wp","href":"https:\/\/api.w.org\/{rel}","templated":true}]}}