{"id":63,"date":"2020-06-12T16:12:14","date_gmt":"2020-06-12T14:12:14","guid":{"rendered":"http:\/\/www.taxnetto.pl\/?page_id=63"},"modified":"2026-02-06T15:12:05","modified_gmt":"2026-02-06T14:12:05","slug":"sp-z-o-o","status":"publish","type":"page","link":"https:\/\/www.taxnetto.pl\/index.php\/zakladanie-firm\/sp-z-o-o\/","title":{"rendered":"Sp. z o.o."},"content":{"rendered":"\t\t<div data-elementor-type=\"wp-page\" data-elementor-id=\"63\" class=\"elementor elementor-63\">\n\t\t\t\t\t\t<div class=\"elementor-inner\">\n\t\t\t\t<div class=\"elementor-section-wrap\">\n\t\t\t\t\t\t\t\t\t<section class=\"elementor-section elementor-top-section elementor-element elementor-element-477e01d5 elementor-section-boxed elementor-section-height-default elementor-section-height-default\" data-id=\"477e01d5\" data-element_type=\"section\">\n\t\t\t\t\t\t<div class=\"elementor-container elementor-column-gap-default\">\n\t\t\t\t\t\t\t<div class=\"elementor-row\">\n\t\t\t\t\t<div class=\"elementor-column elementor-col-66 elementor-top-column elementor-element elementor-element-1f9e7513\" data-id=\"1f9e7513\" data-element_type=\"column\">\n\t\t\t<div class=\"elementor-column-wrap elementor-element-populated\">\n\t\t\t\t\t\t\t<div class=\"elementor-widget-wrap\">\n\t\t\t\t\t\t<div class=\"elementor-element elementor-element-9ede3d6 elementor-widget elementor-widget-heading\" data-id=\"9ede3d6\" data-element_type=\"widget\" data-widget_type=\"heading.default\">\n\t\t\t\t<div class=\"elementor-widget-container\">\n\t\t\t<h4 class=\"elementor-heading-title elementor-size-large\">SZYBKO I SPRAWNIE ZAREJESTRUJ SP.Z O.O.<\/h4>\t\t<\/div>\n\t\t\t\t<\/div>\n\t\t\t\t<div class=\"elementor-element elementor-element-8086e09 elementor-widget elementor-widget-image\" data-id=\"8086e09\" data-element_type=\"widget\" data-widget_type=\"image.default\">\n\t\t\t\t<div class=\"elementor-widget-container\">\n\t\t\t\t\t\t\t\t<div class=\"elementor-image\">\n\t\t\t\t\t\t\t\t\t\t\t\t<img decoding=\"async\" width=\"1200\" height=\"300\" src=\"https:\/\/www.taxnetto.pl\/wp-content\/uploads\/2020\/07\/firma3.jpg\" class=\"attachment-full size-full wp-image-369\" alt=\"\" loading=\"lazy\" srcset=\"https:\/\/www.taxnetto.pl\/wp-content\/uploads\/2020\/07\/firma3.jpg 1200w, https:\/\/www.taxnetto.pl\/wp-content\/uploads\/2020\/07\/firma3-300x75.jpg 300w, https:\/\/www.taxnetto.pl\/wp-content\/uploads\/2020\/07\/firma3-1024x256.jpg 1024w, https:\/\/www.taxnetto.pl\/wp-content\/uploads\/2020\/07\/firma3-768x192.jpg 768w, https:\/\/www.taxnetto.pl\/wp-content\/uploads\/2020\/07\/firma3-700x175.jpg 700w, https:\/\/www.taxnetto.pl\/wp-content\/uploads\/2020\/07\/firma3-520x130.jpg 520w, https:\/\/www.taxnetto.pl\/wp-content\/uploads\/2020\/07\/firma3-360x90.jpg 360w, https:\/\/www.taxnetto.pl\/wp-content\/uploads\/2020\/07\/firma3-250x63.jpg 250w, https:\/\/www.taxnetto.pl\/wp-content\/uploads\/2020\/07\/firma3-100x25.jpg 100w\" sizes=\"(max-width: 1200px) 100vw, 1200px\" \/>\t\t\t\t\t\t\t\t\t\t\t\t\t\t<\/div>\n\t\t\t\t\t\t<\/div>\n\t\t\t\t<\/div>\n\t\t\t\t<div class=\"elementor-element elementor-element-f54770c elementor-widget elementor-widget-text-editor\" data-id=\"f54770c\" data-element_type=\"widget\" data-widget_type=\"text-editor.default\">\n\t\t\t\t<div class=\"elementor-widget-container\">\n\t\t\t\t\t\t\t\t<div class=\"elementor-text-editor elementor-clearfix\">\n\t\t\t\t<p>Pracownicy Biura Rachunkowego Tax-Netto, pomog\u0105 dok\u0142adnie i profesjonalnie:<\/p><ul><li>wype\u0142ni\u0107 stosowne dokumenty<\/li><li>wybra\u0107 optymalne podatki<\/li><li>dokona\u0107 rejestracji w KRS<\/li><li>dokona\u0107 rejestracji ZUS<\/li><li>za\u0142o\u017cy\u0107 rachunek bankowy<\/li><li>uruchomi\u0107 program do fakturowania<\/li><li>uzyska\u0107 dofinansowanie<\/li><li>ubezpieczy\u0107 firm\u0119, maj\u0105tek, rodzin\u0119<\/li><li>dokona\u0107 wszelkich niezb\u0119dnych zg\u0142osze\u0144<\/li><\/ul>\t\t\t\t\t<\/div>\n\t\t\t\t\t\t<\/div>\n\t\t\t\t<\/div>\n\t\t\t\t<div class=\"elementor-element elementor-element-8947751 elementor-widget elementor-widget-text-editor\" data-id=\"8947751\" data-element_type=\"widget\" data-widget_type=\"text-editor.default\">\n\t\t\t\t<div class=\"elementor-widget-container\">\n\t\t\t\t\t\t\t\t<div class=\"elementor-text-editor elementor-clearfix\">\n\t\t\t\t<p>DLA KLIENT\u00d3W PODPISUJ\u0104CYCH UMOW\u0118 Z BIUREM RACHUNKOWYM <strong>TAX-NETTO<\/strong> CENA ZA\u0141O\u017bENIA SP. ZO.O. JU\u017b OD<strong> 550z\u0142.<br><\/strong><\/p>\t\t\t\t\t<\/div>\n\t\t\t\t\t\t<\/div>\n\t\t\t\t<\/div>\n\t\t\t\t\t\t<\/div>\n\t\t\t\t\t<\/div>\n\t\t<\/div>\n\t\t\t\t<div class=\"elementor-column elementor-col-33 elementor-top-column elementor-element elementor-element-7bd80610\" data-id=\"7bd80610\" data-element_type=\"column\">\n\t\t\t<div class=\"elementor-column-wrap elementor-element-populated\">\n\t\t\t\t\t\t\t<div class=\"elementor-widget-wrap\">\n\t\t\t\t\t\t<div class=\"elementor-element elementor-element-30f06936 elementor-align-justify elementor-widget elementor-widget-button\" data-id=\"30f06936\" data-element_type=\"widget\" data-widget_type=\"button.default\">\n\t\t\t\t<div class=\"elementor-widget-container\">\n\t\t\t\t\t<div class=\"elementor-button-wrapper\">\n\t\t\t<a href=\"http:\/\/www.taxnetto.pl\/index.php\/kontakt\/\" class=\"elementor-button-link elementor-button elementor-size-sm\" role=\"button\">\n\t\t\t\t\t\t<span class=\"elementor-button-content-wrapper\">\n\t\t\t\t\t\t<span class=\"elementor-button-text\">Kontakt<\/span>\n\t\t<\/span>\n\t\t\t\t\t<\/a>\n\t\t<\/div>\n\t\t\t\t<\/div>\n\t\t\t\t<\/div>\n\t\t\t\t<div class=\"elementor-element elementor-element-5a29dea elementor-widget elementor-widget-text-editor\" data-id=\"5a29dea\" data-element_type=\"widget\" data-widget_type=\"text-editor.default\">\n\t\t\t\t<div class=\"elementor-widget-container\">\n\t\t\t\t\t\t\t\t<div class=\"elementor-text-editor elementor-clearfix\">\n\t\t\t\t<pre><strong>Biuro Czernich\u00f3w:<\/strong><br \/>tel. <strong>797 734 899<\/strong>\u00a0<br \/><strong>Biuro Cieszyn:<\/strong><br \/>tel. <strong>502 315 875<\/strong><\/pre>\t\t\t\t\t<\/div>\n\t\t\t\t\t\t<\/div>\n\t\t\t\t<\/div>\n\t\t\t\t<div class=\"elementor-element elementor-element-4aa74d76 elementor-widget elementor-widget-text-editor\" data-id=\"4aa74d76\" data-element_type=\"widget\" data-widget_type=\"text-editor.default\">\n\t\t\t\t<div class=\"elementor-widget-container\">\n\t\t\t\t\t\t\t\t<div class=\"elementor-text-editor elementor-clearfix\">\n\t\t\t\t<p><strong>\u015awiadectwa<\/strong><\/p>\t\t\t\t\t<\/div>\n\t\t\t\t\t\t<\/div>\n\t\t\t\t<\/div>\n\t\t\t\t<div class=\"elementor-element elementor-element-17f8a74a elementor-widget elementor-widget-image\" data-id=\"17f8a74a\" data-element_type=\"widget\" data-widget_type=\"image.default\">\n\t\t\t\t<div class=\"elementor-widget-container\">\n\t\t\t\t\t\t\t\t<div class=\"elementor-image\">\n\t\t\t\t\t\t\t\t\t\t\t\t\t<a href=\"http:\/\/www.taxnetto.pl\/wp-content\/uploads\/2020\/06\/\u015aWIADECTWO.png\">\n\t\t\t\t\t\t\t<img decoding=\"async\" width=\"640\" height=\"243\" src=\"https:\/\/www.taxnetto.pl\/wp-content\/uploads\/2020\/06\/certyfikat-ministerstwa-finans\u00f3w.jpg\" class=\"attachment-large size-large wp-image-279\" alt=\"\" loading=\"lazy\" srcset=\"https:\/\/www.taxnetto.pl\/wp-content\/uploads\/2020\/06\/certyfikat-ministerstwa-finans\u00f3w.jpg 840w, https:\/\/www.taxnetto.pl\/wp-content\/uploads\/2020\/06\/certyfikat-ministerstwa-finans\u00f3w-300x114.jpg 300w, https:\/\/www.taxnetto.pl\/wp-content\/uploads\/2020\/06\/certyfikat-ministerstwa-finans\u00f3w-768x292.jpg 768w, https:\/\/www.taxnetto.pl\/wp-content\/uploads\/2020\/06\/certyfikat-ministerstwa-finans\u00f3w-700x266.jpg 700w, https:\/\/www.taxnetto.pl\/wp-content\/uploads\/2020\/06\/certyfikat-ministerstwa-finans\u00f3w-520x197.jpg 520w, https:\/\/www.taxnetto.pl\/wp-content\/uploads\/2020\/06\/certyfikat-ministerstwa-finans\u00f3w-360x137.jpg 360w, https:\/\/www.taxnetto.pl\/wp-content\/uploads\/2020\/06\/certyfikat-ministerstwa-finans\u00f3w-250x95.jpg 250w, https:\/\/www.taxnetto.pl\/wp-content\/uploads\/2020\/06\/certyfikat-ministerstwa-finans\u00f3w-100x38.jpg 100w\" sizes=\"(max-width: 640px) 100vw, 640px\" \/>\t\t\t\t\t\t\t\t<\/a>\n\t\t\t\t\t\t\t\t\t\t\t\t\t\t<\/div>\n\t\t\t\t\t\t<\/div>\n\t\t\t\t<\/div>\n\t\t\t\t<div class=\"elementor-element elementor-element-60f6edb elementor-widget elementor-widget-text-editor\" data-id=\"60f6edb\" data-element_type=\"widget\" data-widget_type=\"text-editor.default\">\n\t\t\t\t<div class=\"elementor-widget-container\">\n\t\t\t\t\t\t\t\t<div class=\"elementor-text-editor elementor-clearfix\">\n\t\t\t\t<p><strong>Certyfikaty<\/strong><\/p>\t\t\t\t\t<\/div>\n\t\t\t\t\t\t<\/div>\n\t\t\t\t<\/div>\n\t\t\t\t<div class=\"elementor-element elementor-element-6e03e4ae elementor-widget elementor-widget-image\" data-id=\"6e03e4ae\" data-element_type=\"widget\" data-widget_type=\"image.default\">\n\t\t\t\t<div class=\"elementor-widget-container\">\n\t\t\t\t\t\t\t\t<div class=\"elementor-image\">\n\t\t\t\t\t\t\t\t\t\t\t\t\t<a href=\"https:\/\/www.cik.org.pl\/biuro\/tax-netto-sp-z-o-o-7737\" target=\"_blank\">\n\t\t\t\t\t\t\t<img decoding=\"async\" width=\"400\" height=\"141\" src=\"https:\/\/www.taxnetto.pl\/wp-content\/uploads\/2020\/06\/cik-baner.png\" class=\"attachment-large size-large wp-image-178\" alt=\"cik-taxnetto\" loading=\"lazy\" srcset=\"https:\/\/www.taxnetto.pl\/wp-content\/uploads\/2020\/06\/cik-baner.png 400w, https:\/\/www.taxnetto.pl\/wp-content\/uploads\/2020\/06\/cik-baner-300x106.png 300w, https:\/\/www.taxnetto.pl\/wp-content\/uploads\/2020\/06\/cik-baner-360x127.png 360w, https:\/\/www.taxnetto.pl\/wp-content\/uploads\/2020\/06\/cik-baner-250x88.png 250w, https:\/\/www.taxnetto.pl\/wp-content\/uploads\/2020\/06\/cik-baner-100x35.png 100w\" sizes=\"(max-width: 400px) 100vw, 400px\" \/>\t\t\t\t\t\t\t\t<\/a>\n\t\t\t\t\t\t\t\t\t\t\t\t\t\t<\/div>\n\t\t\t\t\t\t<\/div>\n\t\t\t\t<\/div>\n\t\t\t\t<div class=\"elementor-element elementor-element-39de8e5 elementor-widget elementor-widget-spacer\" data-id=\"39de8e5\" data-element_type=\"widget\" data-widget_type=\"spacer.default\">\n\t\t\t\t<div class=\"elementor-widget-container\">\n\t\t\t\t\t<div class=\"elementor-spacer\">\n\t\t\t<div class=\"elementor-spacer-inner\"><\/div>\n\t\t<\/div>\n\t\t\t\t<\/div>\n\t\t\t\t<\/div>\n\t\t\t\t<div class=\"elementor-element elementor-element-a47ad14 elementor-widget elementor-widget-image\" data-id=\"a47ad14\" data-element_type=\"widget\" data-widget_type=\"image.default\">\n\t\t\t\t<div class=\"elementor-widget-container\">\n\t\t\t\t\t\t\t\t<div class=\"elementor-image\">\n\t\t\t\t\t\t\t\t\t\t\t\t\t<a href=\"http:\/\/www.taxnetto.pl\/wp-content\/uploads\/2020\/07\/CERTYFIKAT-LOKALNI-KSIEGOWI-1.png\">\n\t\t\t\t\t\t\t<img decoding=\"async\" src=\"https:\/\/www.taxnetto.pl\/wp-content\/uploads\/elementor\/thumbs\/mbank-logo-biz-osxyk5vin63wenqmef307qndutxvay5hk4z5m2xvjc.gif\" title=\"mbank-logo-biz\" alt=\"mbank-logo-biz\" loading=\"lazy\" \/>\t\t\t\t\t\t\t\t<\/a>\n\t\t\t\t\t\t\t\t\t\t\t\t\t\t<\/div>\n\t\t\t\t\t\t<\/div>\n\t\t\t\t<\/div>\n\t\t\t\t<div class=\"elementor-element elementor-element-624760d elementor-widget elementor-widget-image\" data-id=\"624760d\" data-element_type=\"widget\" data-widget_type=\"image.default\">\n\t\t\t\t<div class=\"elementor-widget-container\">\n\t\t\t\t\t\t\t\t<div class=\"elementor-image\">\n\t\t\t\t\t\t\t\t\t\t\t\t\t<a href=\"http:\/\/www.taxnetto.pl\/wp-content\/uploads\/2020\/07\/CERTYFIKAT-LOKALNI-KSIEGOWI-1.png\">\n\t\t\t\t\t\t\t<img decoding=\"async\" width=\"200\" height=\"65\" src=\"https:\/\/www.taxnetto.pl\/wp-content\/uploads\/2020\/07\/0-e1595589840329.png\" class=\"attachment-full size-full wp-image-417\" alt=\"\" loading=\"lazy\" srcset=\"https:\/\/www.taxnetto.pl\/wp-content\/uploads\/2020\/07\/0-e1595589840329.png 200w, https:\/\/www.taxnetto.pl\/wp-content\/uploads\/2020\/07\/0-e1595589840329-100x33.png 100w\" sizes=\"(max-width: 200px) 100vw, 200px\" \/>\t\t\t\t\t\t\t\t<\/a>\n\t\t\t\t\t\t\t\t\t\t\t\t\t\t<\/div>\n\t\t\t\t\t\t<\/div>\n\t\t\t\t<\/div>\n\t\t\t\t<div class=\"elementor-element elementor-element-33c681ff elementor-align-justify elementor-widget elementor-widget-button\" data-id=\"33c681ff\" data-element_type=\"widget\" data-widget_type=\"button.default\">\n\t\t\t\t<div class=\"elementor-widget-container\">\n\t\t\t\t\t<div class=\"elementor-button-wrapper\">\n\t\t\t<a href=\"http:\/\/www.taxnetto.pl\/index.php\/cennik\/\" class=\"elementor-button-link elementor-button elementor-size-md\" role=\"button\">\n\t\t\t\t\t\t<span class=\"elementor-button-content-wrapper\">\n\t\t\t\t\t\t<span class=\"elementor-button-text\">Cennik<\/span>\n\t\t<\/span>\n\t\t\t\t\t<\/a>\n\t\t<\/div>\n\t\t\t\t<\/div>\n\t\t\t\t<\/div>\n\t\t\t\t<div class=\"elementor-element elementor-element-1a73795d elementor-widget elementor-widget-text-editor\" data-id=\"1a73795d\" data-element_type=\"widget\" data-widget_type=\"text-editor.default\">\n\t\t\t\t<div class=\"elementor-widget-container\">\n\t\t\t\t\t\t\t\t<div class=\"elementor-text-editor elementor-clearfix\">\n\t\t\t\t<style type=\"text\/css\">\n.odnosnik {\n  color: #35393d; \/\/ Kolor zwyk\u0142ego odno\u015bnika\n  \/\/ inne style\n}\n.odnosnik:hover {\n  color: #eb5a25; \/\/ Kolor \"najechanego\" odno\u015bnika\n  \/\/ inne style\n}\n<\/style>\n<a href=\"http:\/\/www.taxnetto.pl\/index.php\/cennik\/ewidencja-ryczaltowa\/\" class=\"odnosnik\">Ewidnecja Rycza\u0142towa<\/a>\n<\/br>\n<\/style>\n<a href=\"http:\/\/www.taxnetto.pl\/index.php\/cennik\/ksiega-przychodow-i-rozchodow\/\" class=\"odnosnik\">Ksi\u0119ga Przychod\u00f3w i Rozchod\u00f3w<\/a>\n<\/br>\n<\/style>\n<a href=\"http:\/\/www.taxnetto.pl\/index.php\/cennik\/ksiegi-handlowe\/\" class=\"odnosnik\">Ksi\u0119gi Handlowe<\/a>\n<\/br>\n<\/style>\n<a href=\"http:\/\/www.taxnetto.pl\/index.php\/cennik\/kadry-i-place\/\" class=\"odnosnik\">Kadry i P\u0142ace<\/a>\n<\/br>\n<\/style>\n<a href=\"http:\/\/www.taxnetto.pl\/index.php\/cennik\/uslugi-dodatkowe\/\" class=\"odnosnik\">Us\u0142ugi Dodatkowe<\/a>\n<\/br>\n<\/style>\n<a href=\"http:\/\/www.taxnetto.pl\/index.php\/cennik\/oplaty-administracyjne\/\" class=\"odnosnik\">Op\u0142aty Administracyjne<\/a>\t\t\t\t\t<\/div>\n\t\t\t\t\t\t<\/div>\n\t\t\t\t<\/div>\n\t\t\t\t<div class=\"elementor-element elementor-element-1830973e elementor-align-justify elementor-widget elementor-widget-button\" data-id=\"1830973e\" data-element_type=\"widget\" data-widget_type=\"button.default\">\n\t\t\t\t<div class=\"elementor-widget-container\">\n\t\t\t\t\t<div class=\"elementor-button-wrapper\">\n\t\t\t<a href=\"http:\/\/www.taxnetto.pl\/index.php\/zakladanie-firm\/\" class=\"elementor-button-link elementor-button elementor-size-sm\" role=\"button\">\n\t\t\t\t\t\t<span class=\"elementor-button-content-wrapper\">\n\t\t\t\t\t\t<span class=\"elementor-button-text\">Zak\u0142adanie Firm<\/span>\n\t\t<\/span>\n\t\t\t\t\t<\/a>\n\t\t<\/div>\n\t\t\t\t<\/div>\n\t\t\t\t<\/div>\n\t\t\t\t<div class=\"elementor-element elementor-element-67285af4 elementor-widget elementor-widget-text-editor\" data-id=\"67285af4\" data-element_type=\"widget\" data-widget_type=\"text-editor.default\">\n\t\t\t\t<div class=\"elementor-widget-container\">\n\t\t\t\t\t\t\t\t<div class=\"elementor-text-editor elementor-clearfix\">\n\t\t\t\t<style type=\"text\/css\">\n.odnosnik {\n  color: #35393d; \/\/ Kolor zwyk\u0142ego odno\u015bnika\n  \/\/ inne style\n}\n.odnosnik:hover {\n  color: #eb5a25; \/\/ Kolor \"najechanego\" odno\u015bnika\n  \/\/ inne style\n}\n<\/br>\n<\/style>\n<a href=\"http:\/\/www.taxnetto.pl\/index.php\/zakladanie-firm\/dzialalnosc-gospodarcza\/\" class=\"odnosnik\">Dzia\u0142alno\u015b\u0107 Gospodarcza<\/a>\n<\/br>\n<\/style>\n<a href=\"http:\/\/www.taxnetto.pl\/index.php\/zakladanie-firm\/sp-z-o-o\/\" class=\"odnosnik\">Sp. z o.o.<\/a>\n<\/br>\n<\/style>\n<a href=\"http:\/\/www.taxnetto.pl\/index.php\/zakladanie-firm\/wirtualne-biuro\/\" class=\"odnosnik\">Wirtualne Biuro<\/a>\t\t\t\t\t<\/div>\n\t\t\t\t\t\t<\/div>\n\t\t\t\t<\/div>\n\t\t\t\t<div class=\"elementor-element elementor-element-5bd5e78b elementor-widget elementor-widget-text-editor\" data-id=\"5bd5e78b\" data-element_type=\"widget\" data-widget_type=\"text-editor.default\">\n\t\t\t\t<div class=\"elementor-widget-container\">\n\t\t\t\t\t\t\t\t<div class=\"elementor-text-editor elementor-clearfix\">\n\t\t\t\t<p><strong>Artyku\u0142y<\/strong><\/p>\t\t\t\t\t<\/div>\n\t\t\t\t\t\t<\/div>\n\t\t\t\t<\/div>\n\t\t\t\t<div class=\"elementor-element elementor-element-1e547acf elementor-widget elementor-widget-wp-widget-recent-posts\" data-id=\"1e547acf\" data-element_type=\"widget\" data-widget_type=\"wp-widget-recent-posts.default\">\n\t\t\t\t<div class=\"elementor-widget-container\">\n\t\t\t\n\t\t\n\t\t<h5>.<\/h5>\n\t\t<ul>\n\t\t\t\t\t\t\t\t\t\t\t<li>\n\t\t\t\t\t<a href=\"https:\/\/www.taxnetto.pl\/index.php\/2023\/12\/13\/krajowy-system-e-faktur-ksef-cz-1\/\">Krajowy System e Faktur (KseF) cz.1<\/a>\n\t\t\t\t\t\t\t\t\t\t\t<span class=\"post-date\">2023-12-13<\/span>\n\t\t\t\t\t\t\t\t\t<\/li>\n\t\t\t\t\t\t\t\t\t\t\t<li>\n\t\t\t\t\t<a href=\"https:\/\/www.taxnetto.pl\/index.php\/2021\/12\/08\/nowy-lad\/\">Nowy \u0141ad a wynagrodzenia pracownik\u00f3w<\/a>\n\t\t\t\t\t\t\t\t\t\t\t<span class=\"post-date\">2021-12-08<\/span>\n\t\t\t\t\t\t\t\t\t<\/li>\n\t\t\t\t\t\t\t\t\t\t\t<li>\n\t\t\t\t\t<a href=\"https:\/\/www.taxnetto.pl\/index.php\/2021\/08\/23\/zmiany-w-jpk-od-lipca-2021\/\">Zmiany w JPK od lipca 2021<\/a>\n\t\t\t\t\t\t\t\t\t\t\t<span class=\"post-date\">2021-08-23<\/span>\n\t\t\t\t\t\t\t\t\t<\/li>\n\t\t\t\t\t\t\t\t\t\t\t<li>\n\t\t\t\t\t<a href=\"https:\/\/www.taxnetto.pl\/index.php\/2021\/06\/18\/jedziemy-z-tematem-3\/\">Jedziemy z tematem #3<\/a>\n\t\t\t\t\t\t\t\t\t\t\t<span class=\"post-date\">2021-06-18<\/span>\n\t\t\t\t\t\t\t\t\t<\/li>\n\t\t\t\t\t\t\t\t\t\t\t<li>\n\t\t\t\t\t<a href=\"https:\/\/www.taxnetto.pl\/index.php\/2021\/06\/18\/jedziemy-z-tematem-2\/\">Jedziemy z tematem #2<\/a>\n\t\t\t\t\t\t\t\t\t\t\t<span class=\"post-date\">2021-06-18<\/span>\n\t\t\t\t\t\t\t\t\t<\/li>\n\t\t\t\t\t<\/ul>\n\n\t\t\t\t<\/div>\n\t\t\t\t<\/div>\n\t\t\t\t<div class=\"elementor-element elementor-element-63d6aa3b elementor-widget elementor-widget-text-editor\" data-id=\"63d6aa3b\" data-element_type=\"widget\" data-widget_type=\"text-editor.default\">\n\t\t\t\t<div class=\"elementor-widget-container\">\n\t\t\t\t\t\t\t\t<div class=\"elementor-text-editor elementor-clearfix\">\n\t\t\t\t<p><strong>Szukaj<\/strong><\/p>\t\t\t\t\t<\/div>\n\t\t\t\t\t\t<\/div>\n\t\t\t\t<\/div>\n\t\t\t\t<div class=\"elementor-element elementor-element-6ce16f59 elementor-widget elementor-widget-wp-widget-search\" data-id=\"6ce16f59\" data-element_type=\"widget\" data-widget_type=\"wp-widget-search.default\">\n\t\t\t\t<div class=\"elementor-widget-container\">\n\t\t\t<form role=\"search\" method=\"get\" class=\"search-form\" action=\"https:\/\/www.taxnetto.pl\/\">\n\t\t\t\t<label>\n\t\t\t\t\t<span class=\"screen-reader-text\">Szukaj:<\/span>\n\t\t\t\t\t<input type=\"search\" class=\"search-field\" placeholder=\"Szukaj &hellip;\" value=\"\" name=\"s\" \/>\n\t\t\t\t<\/label>\n\t\t\t\t<input type=\"submit\" class=\"search-submit\" value=\"Szukaj\" \/>\n\t\t\t<\/form>\t\t<\/div>\n\t\t\t\t<\/div>\n\t\t\t\t\t\t<\/div>\n\t\t\t\t\t<\/div>\n\t\t<\/div>\n\t\t\t\t\t\t\t\t<\/div>\n\t\t\t\t\t<\/div>\n\t\t<\/section>\n\t\t\t\t<section class=\"elementor-section elementor-top-section elementor-element elementor-element-f59ba3e elementor-section-boxed elementor-section-height-default elementor-section-height-default\" data-id=\"f59ba3e\" data-element_type=\"section\">\n\t\t\t\t\t\t<div class=\"elementor-container elementor-column-gap-default\">\n\t\t\t\t\t\t\t<div class=\"elementor-row\">\n\t\t\t\t\t<div class=\"elementor-column elementor-col-100 elementor-top-column elementor-element elementor-element-82246fb\" data-id=\"82246fb\" data-element_type=\"column\">\n\t\t\t<div class=\"elementor-column-wrap elementor-element-populated\">\n\t\t\t\t\t\t\t<div class=\"elementor-widget-wrap\">\n\t\t\t\t\t\t<div class=\"elementor-element elementor-element-a19d751 elementor-widget elementor-widget-text-editor\" data-id=\"a19d751\" data-element_type=\"widget\" data-widget_type=\"text-editor.default\">\n\t\t\t\t<div class=\"elementor-widget-container\">\n\t\t\t\t\t\t\t\t<div class=\"elementor-text-editor elementor-clearfix\">\n\t\t\t\t<p><strong>Zaufali Nam<\/strong><\/p>\t\t\t\t\t<\/div>\n\t\t\t\t\t\t<\/div>\n\t\t\t\t<\/div>\n\t\t\t\t<div class=\"elementor-element elementor-element-d3bf9fe elementor-arrows-position-inside elementor-pagination-position-outside elementor-widget elementor-widget-image-carousel\" data-id=\"d3bf9fe\" data-element_type=\"widget\" data-settings=\"{&quot;slides_to_show&quot;:&quot;3&quot;,&quot;navigation&quot;:&quot;both&quot;,&quot;autoplay&quot;:&quot;yes&quot;,&quot;pause_on_hover&quot;:&quot;yes&quot;,&quot;pause_on_interaction&quot;:&quot;yes&quot;,&quot;autoplay_speed&quot;:5000,&quot;infinite&quot;:&quot;yes&quot;,&quot;speed&quot;:500}\" data-widget_type=\"image-carousel.default\">\n\t\t\t\t<div class=\"elementor-widget-container\">\n\t\t\t\t\t<div class=\"elementor-image-carousel-wrapper swiper-container\" dir=\"ltr\">\n\t\t\t<div class=\"elementor-image-carousel swiper-wrapper\">\n\t\t\t\t\t\t\t\t<div class=\"swiper-slide\"><figure class=\"swiper-slide-inner\"><img decoding=\"async\" class=\"swiper-slide-image\" src=\"https:\/\/www.taxnetto.pl\/wp-content\/uploads\/2020\/06\/unigraf.png\" alt=\"unigraf.png\" \/><\/figure><\/div><div class=\"swiper-slide\"><figure class=\"swiper-slide-inner\"><img decoding=\"async\" class=\"swiper-slide-image\" src=\"https:\/\/www.taxnetto.pl\/wp-content\/uploads\/2020\/06\/skimaxx.png\" alt=\"skimaxx.png\" \/><\/figure><\/div><div class=\"swiper-slide\"><figure class=\"swiper-slide-inner\"><img decoding=\"async\" class=\"swiper-slide-image\" src=\"https:\/\/www.taxnetto.pl\/wp-content\/uploads\/2020\/06\/gal_dekor.png\" alt=\"gal_dekor.png\" \/><\/figure><\/div><div class=\"swiper-slide\"><figure class=\"swiper-slide-inner\"><img decoding=\"async\" class=\"swiper-slide-image\" src=\"https:\/\/www.taxnetto.pl\/wp-content\/uploads\/2020\/06\/artigraf-1.png\" alt=\"artigraf-1.png\" \/><\/figure><\/div><div class=\"swiper-slide\"><figure class=\"swiper-slide-inner\"><img decoding=\"async\" class=\"swiper-slide-image\" src=\"https:\/\/www.taxnetto.pl\/wp-content\/uploads\/2020\/06\/sport-klub.png\" alt=\"sport-klub.png\" \/><\/figure><\/div><div class=\"swiper-slide\"><figure class=\"swiper-slide-inner\"><img decoding=\"async\" class=\"swiper-slide-image\" src=\"https:\/\/www.taxnetto.pl\/wp-content\/uploads\/2020\/06\/skk_200x150.png\" alt=\"skk_200x150.png\" \/><\/figure><\/div><div class=\"swiper-slide\"><figure class=\"swiper-slide-inner\"><img decoding=\"async\" class=\"swiper-slide-image\" src=\"https:\/\/www.taxnetto.pl\/wp-content\/uploads\/2020\/06\/trenerp_400x150-2.png\" alt=\"trenerp_400x150-2.png\" \/><\/figure><\/div><div class=\"swiper-slide\"><figure class=\"swiper-slide-inner\"><img decoding=\"async\" class=\"swiper-slide-image\" src=\"https:\/\/www.taxnetto.pl\/wp-content\/uploads\/2020\/07\/jjcar_logo_bt.jpg\" alt=\"jjcar_logo_bt\" \/><\/figure><\/div><div class=\"swiper-slide\"><figure class=\"swiper-slide-inner\"><img decoding=\"async\" class=\"swiper-slide-image\" src=\"https:\/\/www.taxnetto.pl\/wp-content\/uploads\/2020\/07\/lgo1a.png\" alt=\"lgo1a\" \/><\/figure><\/div>\t\t\t<\/div>\n\t\t\t\t\t\t\t\t\t\t\t\t<div class=\"swiper-pagination\"><\/div>\n\t\t\t\t\t\t\t\t\t\t\t\t\t<div class=\"elementor-swiper-button elementor-swiper-button-prev\">\n\t\t\t\t\t\t<i aria-hidden=\"true\" class=\"eicon-chevron-left\"><\/i>\t\t\t\t\t\t<span class=\"elementor-screen-only\">Poprzednie<\/span>\n\t\t\t\t\t<\/div>\n\t\t\t\t\t<div class=\"elementor-swiper-button elementor-swiper-button-next\">\n\t\t\t\t\t\t<i aria-hidden=\"true\" class=\"eicon-chevron-right\"><\/i>\t\t\t\t\t\t<span class=\"elementor-screen-only\">Nast\u0119pne<\/span>\n\t\t\t\t\t<\/div>\n\t\t\t\t\t\t\t\t\t<\/div>\n\t\t\t\t<\/div>\n\t\t\t\t<\/div>\n\t\t\t\t\t\t<\/div>\n\t\t\t\t\t<\/div>\n\t\t<\/div>\n\t\t\t\t\t\t\t\t<\/div>\n\t\t\t\t\t<\/div>\n\t\t<\/section>\n\t\t\t\t\t\t\t\t\t<\/div>\n\t\t\t<\/div>\n\t\t\t\t\t<\/div>\n\t\t","protected":false},"excerpt":{"rendered":"<p>SZYBKO I SPRAWNIE ZAREJESTRUJ SP.Z O.O. Pracownicy Biura Rachunkowego Tax-Netto, pomog\u0105 dok\u0142adnie i profesjonalnie: wype\u0142ni\u0107 stosowne dokumenty wybra\u0107 optymalne podatki dokona\u0107 rejestracji w KRS dokona\u0107 rejestracji ZUS za\u0142o\u017cy\u0107 rachunek bankowy uruchomi\u0107 program do fakturowania uzyska\u0107 dofinansowanie ubezpieczy\u0107 firm\u0119, maj\u0105tek, rodzin\u0119 [&hellip;]<\/p>\n","protected":false},"author":1,"featured_media":0,"parent":56,"menu_order":0,"comment_status":"closed","ping_status":"closed","template":"elementor_header_footer","meta":[],"_links":{"self":[{"href":"https:\/\/www.taxnetto.pl\/index.php\/wp-json\/wp\/v2\/pages\/63"}],"collection":[{"href":"https:\/\/www.taxnetto.pl\/index.php\/wp-json\/wp\/v2\/pages"}],"about":[{"href":"https:\/\/www.taxnetto.pl\/index.php\/wp-json\/wp\/v2\/types\/page"}],"author":[{"embeddable":true,"href":"https:\/\/www.taxnetto.pl\/index.php\/wp-json\/wp\/v2\/users\/1"}],"replies":[{"embeddable":true,"href":"https:\/\/www.taxnetto.pl\/index.php\/wp-json\/wp\/v2\/comments?post=63"}],"version-history":[{"count":26,"href":"https:\/\/www.taxnetto.pl\/index.php\/wp-json\/wp\/v2\/pages\/63\/revisions"}],"predecessor-version":[{"id":1202,"href":"https:\/\/www.taxnetto.pl\/index.php\/wp-json\/wp\/v2\/pages\/63\/revisions\/1202"}],"up":[{"embeddable":true,"href":"https:\/\/www.taxnetto.pl\/index.php\/wp-json\/wp\/v2\/pages\/56"}],"wp:attachment":[{"href":"https:\/\/www.taxnetto.pl\/index.php\/wp-json\/wp\/v2\/media?parent=63"}],"curies":[{"name":"wp","href":"https:\/\/api.w.org\/{rel}","templated":true}]}}