{"id":61,"date":"2020-06-12T16:09:56","date_gmt":"2020-06-12T14:09:56","guid":{"rendered":"http:\/\/www.taxnetto.pl\/?page_id=61"},"modified":"2026-02-06T15:11:46","modified_gmt":"2026-02-06T14:11:46","slug":"dzialalnosc-gospodarcza","status":"publish","type":"page","link":"https:\/\/www.taxnetto.pl\/index.php\/zakladanie-firm\/dzialalnosc-gospodarcza\/","title":{"rendered":"Dzia\u0142alno\u015b\u0107 Gospodarcza"},"content":{"rendered":"\t\t<div data-elementor-type=\"wp-page\" data-elementor-id=\"61\" class=\"elementor elementor-61\">\n\t\t\t\t\t\t<div class=\"elementor-inner\">\n\t\t\t\t<div class=\"elementor-section-wrap\">\n\t\t\t\t\t\t\t\t\t<section class=\"elementor-section elementor-top-section elementor-element elementor-element-556b6d9f elementor-section-boxed elementor-section-height-default elementor-section-height-default\" data-id=\"556b6d9f\" data-element_type=\"section\">\n\t\t\t\t\t\t<div class=\"elementor-container elementor-column-gap-default\">\n\t\t\t\t\t\t\t<div class=\"elementor-row\">\n\t\t\t\t\t<div class=\"elementor-column elementor-col-66 elementor-top-column elementor-element elementor-element-66130d79\" data-id=\"66130d79\" data-element_type=\"column\">\n\t\t\t<div class=\"elementor-column-wrap elementor-element-populated\">\n\t\t\t\t\t\t\t<div class=\"elementor-widget-wrap\">\n\t\t\t\t\t\t<div class=\"elementor-element elementor-element-88b202e elementor-widget elementor-widget-heading\" data-id=\"88b202e\" data-element_type=\"widget\" data-widget_type=\"heading.default\">\n\t\t\t\t<div class=\"elementor-widget-container\">\n\t\t\t<h4 class=\"elementor-heading-title elementor-size-large\">URUCHOM FIRM\u0118 W KILKA MINUT<\/h4>\t\t<\/div>\n\t\t\t\t<\/div>\n\t\t\t\t<section class=\"elementor-section elementor-inner-section elementor-element elementor-element-d395120 elementor-section-boxed elementor-section-height-default elementor-section-height-default\" data-id=\"d395120\" data-element_type=\"section\">\n\t\t\t\t\t\t<div class=\"elementor-container elementor-column-gap-default\">\n\t\t\t\t\t\t\t<div class=\"elementor-row\">\n\t\t\t\t\t<div class=\"elementor-column elementor-col-100 elementor-inner-column elementor-element elementor-element-f06f4f4\" data-id=\"f06f4f4\" data-element_type=\"column\">\n\t\t\t<div class=\"elementor-column-wrap elementor-element-populated\">\n\t\t\t\t\t\t\t<div class=\"elementor-widget-wrap\">\n\t\t\t\t\t\t<div class=\"elementor-element elementor-element-351e1bc elementor-widget elementor-widget-image\" data-id=\"351e1bc\" data-element_type=\"widget\" data-widget_type=\"image.default\">\n\t\t\t\t<div class=\"elementor-widget-container\">\n\t\t\t\t\t\t\t\t<div class=\"elementor-image\">\n\t\t\t\t\t\t\t\t\t\t\t\t<img decoding=\"async\" width=\"1200\" height=\"300\" src=\"https:\/\/www.taxnetto.pl\/wp-content\/uploads\/2020\/07\/firma2.jpg\" class=\"attachment-full size-full wp-image-367\" alt=\"\" loading=\"lazy\" srcset=\"https:\/\/www.taxnetto.pl\/wp-content\/uploads\/2020\/07\/firma2.jpg 1200w, https:\/\/www.taxnetto.pl\/wp-content\/uploads\/2020\/07\/firma2-300x75.jpg 300w, https:\/\/www.taxnetto.pl\/wp-content\/uploads\/2020\/07\/firma2-1024x256.jpg 1024w, https:\/\/www.taxnetto.pl\/wp-content\/uploads\/2020\/07\/firma2-768x192.jpg 768w, https:\/\/www.taxnetto.pl\/wp-content\/uploads\/2020\/07\/firma2-700x175.jpg 700w, https:\/\/www.taxnetto.pl\/wp-content\/uploads\/2020\/07\/firma2-520x130.jpg 520w, https:\/\/www.taxnetto.pl\/wp-content\/uploads\/2020\/07\/firma2-360x90.jpg 360w, https:\/\/www.taxnetto.pl\/wp-content\/uploads\/2020\/07\/firma2-250x63.jpg 250w, https:\/\/www.taxnetto.pl\/wp-content\/uploads\/2020\/07\/firma2-100x25.jpg 100w\" sizes=\"(max-width: 1200px) 100vw, 1200px\" \/>\t\t\t\t\t\t\t\t\t\t\t\t\t\t<\/div>\n\t\t\t\t\t\t<\/div>\n\t\t\t\t<\/div>\n\t\t\t\t\t\t<\/div>\n\t\t\t\t\t<\/div>\n\t\t<\/div>\n\t\t\t\t\t\t\t\t<\/div>\n\t\t\t\t\t<\/div>\n\t\t<\/section>\n\t\t\t\t<div class=\"elementor-element elementor-element-a84516d elementor-widget elementor-widget-text-editor\" data-id=\"a84516d\" data-element_type=\"widget\" data-widget_type=\"text-editor.default\">\n\t\t\t\t<div class=\"elementor-widget-container\">\n\t\t\t\t\t\t\t\t<div class=\"elementor-text-editor elementor-clearfix\">\n\t\t\t\t<p>W Biurze Rachunkowym TAX-NETTO, w kilka chwil pomo\u017cemy przej\u015b\u0107 proces rejestracji firmy, a w szczeg\u00f3lno\u015bci:<\/p><ul><li>pomo\u017cemy wype\u0142ni\u0107 stosowne dokumenty<\/li><li>doradzimy w temacie podatk\u00f3w<\/li><li>dokonamy rejestracji w CEiDG<\/li><li>dokonamy zg\u0142oszenia w ZUS<\/li><li>za\u0142o\u017cymy rachunek bankowy<\/li><li>uruchomimy program do fakturowania<\/li><li>pomo\u017cemy w uzyskaniu dofinansowania<\/li><li>ubezpieczymy firm\u0119, maj\u0105tek, rodzin\u0119<\/li><li>dokonamy innych niezb\u0119dnych zg\u0142osze\u0144<\/li><\/ul>\t\t\t\t\t<\/div>\n\t\t\t\t\t\t<\/div>\n\t\t\t\t<\/div>\n\t\t\t\t<div class=\"elementor-element elementor-element-28319bc elementor-widget elementor-widget-text-editor\" data-id=\"28319bc\" data-element_type=\"widget\" data-widget_type=\"text-editor.default\">\n\t\t\t\t<div class=\"elementor-widget-container\">\n\t\t\t\t\t\t\t\t<div class=\"elementor-text-editor elementor-clearfix\">\n\t\t\t\t<p>DLA KLIENT\u00d3W PODPISUJ\u0104CYCH UMOW\u0118 Z BIUREM RACHUNKOWYM <strong>TAX-NETTO<\/strong> US\u0141UGA REJESTRACJI FIRMY(JDG) JEST CA\u0141KOWICIE <strong>BEZP\u0141ATNA!<br>KOSZT TEJ USU\u0141UGI BEZ PODPISANIA UMOWY TO: 350z\u0142!<\/strong><\/p>\t\t\t\t\t<\/div>\n\t\t\t\t\t\t<\/div>\n\t\t\t\t<\/div>\n\t\t\t\t\t\t<\/div>\n\t\t\t\t\t<\/div>\n\t\t<\/div>\n\t\t\t\t<div class=\"elementor-column elementor-col-33 elementor-top-column elementor-element elementor-element-3967a650\" data-id=\"3967a650\" data-element_type=\"column\">\n\t\t\t<div class=\"elementor-column-wrap elementor-element-populated\">\n\t\t\t\t\t\t\t<div class=\"elementor-widget-wrap\">\n\t\t\t\t\t\t<div class=\"elementor-element elementor-element-5f578960 elementor-align-justify elementor-widget elementor-widget-button\" data-id=\"5f578960\" data-element_type=\"widget\" data-widget_type=\"button.default\">\n\t\t\t\t<div class=\"elementor-widget-container\">\n\t\t\t\t\t<div class=\"elementor-button-wrapper\">\n\t\t\t<a href=\"http:\/\/www.taxnetto.pl\/index.php\/kontakt\/\" class=\"elementor-button-link elementor-button elementor-size-sm\" role=\"button\">\n\t\t\t\t\t\t<span class=\"elementor-button-content-wrapper\">\n\t\t\t\t\t\t<span class=\"elementor-button-text\">Kontakt<\/span>\n\t\t<\/span>\n\t\t\t\t\t<\/a>\n\t\t<\/div>\n\t\t\t\t<\/div>\n\t\t\t\t<\/div>\n\t\t\t\t<div class=\"elementor-element elementor-element-39fa444 elementor-widget elementor-widget-text-editor\" data-id=\"39fa444\" data-element_type=\"widget\" data-widget_type=\"text-editor.default\">\n\t\t\t\t<div class=\"elementor-widget-container\">\n\t\t\t\t\t\t\t\t<div class=\"elementor-text-editor elementor-clearfix\">\n\t\t\t\t<pre><strong>Biuro Czernich\u00f3w:<\/strong><br \/>tel. <strong>797 734 899<\/strong>\u00a0<br \/><strong>Biuro Cieszyn:<\/strong><br \/>tel. <strong>502 315 875<\/strong><\/pre>\t\t\t\t\t<\/div>\n\t\t\t\t\t\t<\/div>\n\t\t\t\t<\/div>\n\t\t\t\t<div class=\"elementor-element elementor-element-16262f31 elementor-widget elementor-widget-text-editor\" data-id=\"16262f31\" data-element_type=\"widget\" data-widget_type=\"text-editor.default\">\n\t\t\t\t<div class=\"elementor-widget-container\">\n\t\t\t\t\t\t\t\t<div class=\"elementor-text-editor elementor-clearfix\">\n\t\t\t\t<p><strong>\u015awiadectwa<\/strong><\/p>\t\t\t\t\t<\/div>\n\t\t\t\t\t\t<\/div>\n\t\t\t\t<\/div>\n\t\t\t\t<div class=\"elementor-element elementor-element-334bda45 elementor-widget elementor-widget-image\" data-id=\"334bda45\" data-element_type=\"widget\" data-widget_type=\"image.default\">\n\t\t\t\t<div class=\"elementor-widget-container\">\n\t\t\t\t\t\t\t\t<div class=\"elementor-image\">\n\t\t\t\t\t\t\t\t\t\t\t\t\t<a href=\"http:\/\/www.taxnetto.pl\/wp-content\/uploads\/2020\/06\/\u015aWIADECTWO.png\">\n\t\t\t\t\t\t\t<img decoding=\"async\" width=\"640\" height=\"243\" src=\"https:\/\/www.taxnetto.pl\/wp-content\/uploads\/2020\/06\/certyfikat-ministerstwa-finans\u00f3w.jpg\" class=\"attachment-large size-large wp-image-279\" alt=\"\" loading=\"lazy\" srcset=\"https:\/\/www.taxnetto.pl\/wp-content\/uploads\/2020\/06\/certyfikat-ministerstwa-finans\u00f3w.jpg 840w, https:\/\/www.taxnetto.pl\/wp-content\/uploads\/2020\/06\/certyfikat-ministerstwa-finans\u00f3w-300x114.jpg 300w, https:\/\/www.taxnetto.pl\/wp-content\/uploads\/2020\/06\/certyfikat-ministerstwa-finans\u00f3w-768x292.jpg 768w, https:\/\/www.taxnetto.pl\/wp-content\/uploads\/2020\/06\/certyfikat-ministerstwa-finans\u00f3w-700x266.jpg 700w, https:\/\/www.taxnetto.pl\/wp-content\/uploads\/2020\/06\/certyfikat-ministerstwa-finans\u00f3w-520x197.jpg 520w, https:\/\/www.taxnetto.pl\/wp-content\/uploads\/2020\/06\/certyfikat-ministerstwa-finans\u00f3w-360x137.jpg 360w, https:\/\/www.taxnetto.pl\/wp-content\/uploads\/2020\/06\/certyfikat-ministerstwa-finans\u00f3w-250x95.jpg 250w, https:\/\/www.taxnetto.pl\/wp-content\/uploads\/2020\/06\/certyfikat-ministerstwa-finans\u00f3w-100x38.jpg 100w\" sizes=\"(max-width: 640px) 100vw, 640px\" \/>\t\t\t\t\t\t\t\t<\/a>\n\t\t\t\t\t\t\t\t\t\t\t\t\t\t<\/div>\n\t\t\t\t\t\t<\/div>\n\t\t\t\t<\/div>\n\t\t\t\t<div class=\"elementor-element elementor-element-2260f587 elementor-widget elementor-widget-text-editor\" data-id=\"2260f587\" data-element_type=\"widget\" data-widget_type=\"text-editor.default\">\n\t\t\t\t<div class=\"elementor-widget-container\">\n\t\t\t\t\t\t\t\t<div class=\"elementor-text-editor elementor-clearfix\">\n\t\t\t\t<p><strong>Certyfikaty<\/strong><\/p>\t\t\t\t\t<\/div>\n\t\t\t\t\t\t<\/div>\n\t\t\t\t<\/div>\n\t\t\t\t<div class=\"elementor-element elementor-element-851aadf elementor-widget elementor-widget-image\" data-id=\"851aadf\" data-element_type=\"widget\" data-widget_type=\"image.default\">\n\t\t\t\t<div class=\"elementor-widget-container\">\n\t\t\t\t\t\t\t\t<div class=\"elementor-image\">\n\t\t\t\t\t\t\t\t\t\t\t\t\t<a href=\"https:\/\/www.cik.org.pl\/biuro\/tax-netto-sp-z-o-o-7737\" target=\"_blank\">\n\t\t\t\t\t\t\t<img decoding=\"async\" width=\"400\" height=\"141\" src=\"https:\/\/www.taxnetto.pl\/wp-content\/uploads\/2020\/06\/cik-baner.png\" class=\"attachment-large size-large wp-image-178\" alt=\"cik-taxnetto\" loading=\"lazy\" srcset=\"https:\/\/www.taxnetto.pl\/wp-content\/uploads\/2020\/06\/cik-baner.png 400w, https:\/\/www.taxnetto.pl\/wp-content\/uploads\/2020\/06\/cik-baner-300x106.png 300w, https:\/\/www.taxnetto.pl\/wp-content\/uploads\/2020\/06\/cik-baner-360x127.png 360w, https:\/\/www.taxnetto.pl\/wp-content\/uploads\/2020\/06\/cik-baner-250x88.png 250w, https:\/\/www.taxnetto.pl\/wp-content\/uploads\/2020\/06\/cik-baner-100x35.png 100w\" sizes=\"(max-width: 400px) 100vw, 400px\" \/>\t\t\t\t\t\t\t\t<\/a>\n\t\t\t\t\t\t\t\t\t\t\t\t\t\t<\/div>\n\t\t\t\t\t\t<\/div>\n\t\t\t\t<\/div>\n\t\t\t\t<div class=\"elementor-element elementor-element-086b551 elementor-widget elementor-widget-spacer\" data-id=\"086b551\" data-element_type=\"widget\" data-widget_type=\"spacer.default\">\n\t\t\t\t<div class=\"elementor-widget-container\">\n\t\t\t\t\t<div class=\"elementor-spacer\">\n\t\t\t<div class=\"elementor-spacer-inner\"><\/div>\n\t\t<\/div>\n\t\t\t\t<\/div>\n\t\t\t\t<\/div>\n\t\t\t\t<div class=\"elementor-element elementor-element-30d6b4d elementor-widget elementor-widget-image\" data-id=\"30d6b4d\" data-element_type=\"widget\" data-widget_type=\"image.default\">\n\t\t\t\t<div class=\"elementor-widget-container\">\n\t\t\t\t\t\t\t\t<div class=\"elementor-image\">\n\t\t\t\t\t\t\t\t\t\t\t\t\t<a href=\"http:\/\/www.taxnetto.pl\/wp-content\/uploads\/2020\/07\/CERTYFIKAT-LOKALNI-KSIEGOWI-1.png\">\n\t\t\t\t\t\t\t<img decoding=\"async\" width=\"200\" height=\"65\" src=\"https:\/\/www.taxnetto.pl\/wp-content\/uploads\/2020\/07\/0-e1595589840329.png\" class=\"attachment-full size-full wp-image-417\" alt=\"\" loading=\"lazy\" srcset=\"https:\/\/www.taxnetto.pl\/wp-content\/uploads\/2020\/07\/0-e1595589840329.png 200w, https:\/\/www.taxnetto.pl\/wp-content\/uploads\/2020\/07\/0-e1595589840329-100x33.png 100w\" sizes=\"(max-width: 200px) 100vw, 200px\" \/>\t\t\t\t\t\t\t\t<\/a>\n\t\t\t\t\t\t\t\t\t\t\t\t\t\t<\/div>\n\t\t\t\t\t\t<\/div>\n\t\t\t\t<\/div>\n\t\t\t\t<div class=\"elementor-element elementor-element-2bf81e elementor-align-justify elementor-widget elementor-widget-button\" data-id=\"2bf81e\" data-element_type=\"widget\" data-widget_type=\"button.default\">\n\t\t\t\t<div class=\"elementor-widget-container\">\n\t\t\t\t\t<div class=\"elementor-button-wrapper\">\n\t\t\t<a href=\"http:\/\/www.taxnetto.pl\/index.php\/cennik\/\" class=\"elementor-button-link elementor-button elementor-size-md\" role=\"button\">\n\t\t\t\t\t\t<span class=\"elementor-button-content-wrapper\">\n\t\t\t\t\t\t<span class=\"elementor-button-text\">Cennik<\/span>\n\t\t<\/span>\n\t\t\t\t\t<\/a>\n\t\t<\/div>\n\t\t\t\t<\/div>\n\t\t\t\t<\/div>\n\t\t\t\t<div class=\"elementor-element elementor-element-e3831e2 elementor-widget elementor-widget-text-editor\" data-id=\"e3831e2\" data-element_type=\"widget\" data-widget_type=\"text-editor.default\">\n\t\t\t\t<div class=\"elementor-widget-container\">\n\t\t\t\t\t\t\t\t<div class=\"elementor-text-editor elementor-clearfix\">\n\t\t\t\t<style type=\"text\/css\">\n.odnosnik {\n  color: #35393d; \/\/ Kolor zwyk\u0142ego odno\u015bnika\n  \/\/ inne style\n}\n.odnosnik:hover {\n  color: #eb5a25; \/\/ Kolor \"najechanego\" odno\u015bnika\n  \/\/ inne style\n}\n<\/style>\n<a href=\"http:\/\/www.taxnetto.pl\/index.php\/cennik\/ewidencja-ryczaltowa\/\" class=\"odnosnik\">Ewidnecja Rycza\u0142towa<\/a>\n<\/br>\n<\/style>\n<a href=\"http:\/\/www.taxnetto.pl\/index.php\/cennik\/ksiega-przychodow-i-rozchodow\/\" class=\"odnosnik\">Ksi\u0119ga Przychod\u00f3w i Rozchod\u00f3w<\/a>\n<\/br>\n<\/style>\n<a href=\"http:\/\/www.taxnetto.pl\/index.php\/cennik\/ksiegi-handlowe\/\" class=\"odnosnik\">Ksi\u0119gi Handlowe<\/a>\n<\/br>\n<\/style>\n<a href=\"http:\/\/www.taxnetto.pl\/index.php\/cennik\/kadry-i-place\/\" class=\"odnosnik\">Kadry i P\u0142ace<\/a>\n<\/br>\n<\/style>\n<a href=\"http:\/\/www.taxnetto.pl\/index.php\/cennik\/uslugi-dodatkowe\/\" class=\"odnosnik\">Us\u0142ugi Dodatkowe<\/a>\n<\/br>\n<\/style>\n<a href=\"http:\/\/www.taxnetto.pl\/index.php\/cennik\/oplaty-administracyjne\/\" class=\"odnosnik\">Op\u0142aty Administracyjne<\/a>\t\t\t\t\t<\/div>\n\t\t\t\t\t\t<\/div>\n\t\t\t\t<\/div>\n\t\t\t\t<div class=\"elementor-element elementor-element-4687e444 elementor-align-justify elementor-widget elementor-widget-button\" data-id=\"4687e444\" data-element_type=\"widget\" data-widget_type=\"button.default\">\n\t\t\t\t<div class=\"elementor-widget-container\">\n\t\t\t\t\t<div class=\"elementor-button-wrapper\">\n\t\t\t<a href=\"http:\/\/www.taxnetto.pl\/index.php\/zakladanie-firm\/\" class=\"elementor-button-link elementor-button elementor-size-sm\" role=\"button\">\n\t\t\t\t\t\t<span class=\"elementor-button-content-wrapper\">\n\t\t\t\t\t\t<span class=\"elementor-button-text\">Zak\u0142adanie Firm<\/span>\n\t\t<\/span>\n\t\t\t\t\t<\/a>\n\t\t<\/div>\n\t\t\t\t<\/div>\n\t\t\t\t<\/div>\n\t\t\t\t<div class=\"elementor-element elementor-element-7e85baaa elementor-widget elementor-widget-text-editor\" data-id=\"7e85baaa\" data-element_type=\"widget\" data-widget_type=\"text-editor.default\">\n\t\t\t\t<div class=\"elementor-widget-container\">\n\t\t\t\t\t\t\t\t<div class=\"elementor-text-editor elementor-clearfix\">\n\t\t\t\t<style type=\"text\/css\">\n.odnosnik {\n  color: #35393d; \/\/ Kolor zwyk\u0142ego odno\u015bnika\n  \/\/ inne style\n}\n.odnosnik:hover {\n  color: #eb5a25; \/\/ Kolor \"najechanego\" odno\u015bnika\n  \/\/ inne style\n}\n<\/br>\n<\/style>\n<a href=\"http:\/\/www.taxnetto.pl\/index.php\/zakladanie-firm\/dzialalnosc-gospodarcza\/\" class=\"odnosnik\">Dzia\u0142alno\u015b\u0107 Gospodarcza<\/a>\n<\/br>\n<\/style>\n<a href=\"http:\/\/www.taxnetto.pl\/index.php\/zakladanie-firm\/sp-z-o-o\/\" class=\"odnosnik\">Sp. z o.o.<\/a>\n<\/br>\n<\/style>\n<a href=\"http:\/\/www.taxnetto.pl\/index.php\/zakladanie-firm\/wirtualne-biuro\/\" class=\"odnosnik\">Wirtualne Biuro<\/a>\t\t\t\t\t<\/div>\n\t\t\t\t\t\t<\/div>\n\t\t\t\t<\/div>\n\t\t\t\t<div class=\"elementor-element elementor-element-373ac6e5 elementor-widget elementor-widget-text-editor\" data-id=\"373ac6e5\" data-element_type=\"widget\" data-widget_type=\"text-editor.default\">\n\t\t\t\t<div class=\"elementor-widget-container\">\n\t\t\t\t\t\t\t\t<div class=\"elementor-text-editor elementor-clearfix\">\n\t\t\t\t<p><strong>Artyku\u0142y<\/strong><\/p>\t\t\t\t\t<\/div>\n\t\t\t\t\t\t<\/div>\n\t\t\t\t<\/div>\n\t\t\t\t<div class=\"elementor-element elementor-element-5a03c3bb elementor-widget elementor-widget-wp-widget-recent-posts\" data-id=\"5a03c3bb\" data-element_type=\"widget\" data-widget_type=\"wp-widget-recent-posts.default\">\n\t\t\t\t<div class=\"elementor-widget-container\">\n\t\t\t\n\t\t\n\t\t<h5>.<\/h5>\n\t\t<ul>\n\t\t\t\t\t\t\t\t\t\t\t<li>\n\t\t\t\t\t<a href=\"https:\/\/www.taxnetto.pl\/index.php\/2023\/12\/13\/krajowy-system-e-faktur-ksef-cz-1\/\">Krajowy System e Faktur (KseF) cz.1<\/a>\n\t\t\t\t\t\t\t\t\t\t\t<span class=\"post-date\">2023-12-13<\/span>\n\t\t\t\t\t\t\t\t\t<\/li>\n\t\t\t\t\t\t\t\t\t\t\t<li>\n\t\t\t\t\t<a href=\"https:\/\/www.taxnetto.pl\/index.php\/2021\/12\/08\/nowy-lad\/\">Nowy \u0141ad a wynagrodzenia pracownik\u00f3w<\/a>\n\t\t\t\t\t\t\t\t\t\t\t<span class=\"post-date\">2021-12-08<\/span>\n\t\t\t\t\t\t\t\t\t<\/li>\n\t\t\t\t\t\t\t\t\t\t\t<li>\n\t\t\t\t\t<a href=\"https:\/\/www.taxnetto.pl\/index.php\/2021\/08\/23\/zmiany-w-jpk-od-lipca-2021\/\">Zmiany w JPK od lipca 2021<\/a>\n\t\t\t\t\t\t\t\t\t\t\t<span class=\"post-date\">2021-08-23<\/span>\n\t\t\t\t\t\t\t\t\t<\/li>\n\t\t\t\t\t\t\t\t\t\t\t<li>\n\t\t\t\t\t<a href=\"https:\/\/www.taxnetto.pl\/index.php\/2021\/06\/18\/jedziemy-z-tematem-3\/\">Jedziemy z tematem #3<\/a>\n\t\t\t\t\t\t\t\t\t\t\t<span class=\"post-date\">2021-06-18<\/span>\n\t\t\t\t\t\t\t\t\t<\/li>\n\t\t\t\t\t\t\t\t\t\t\t<li>\n\t\t\t\t\t<a href=\"https:\/\/www.taxnetto.pl\/index.php\/2021\/06\/18\/jedziemy-z-tematem-2\/\">Jedziemy z tematem #2<\/a>\n\t\t\t\t\t\t\t\t\t\t\t<span class=\"post-date\">2021-06-18<\/span>\n\t\t\t\t\t\t\t\t\t<\/li>\n\t\t\t\t\t<\/ul>\n\n\t\t\t\t<\/div>\n\t\t\t\t<\/div>\n\t\t\t\t<div class=\"elementor-element elementor-element-1caa0f50 elementor-widget elementor-widget-text-editor\" data-id=\"1caa0f50\" data-element_type=\"widget\" data-widget_type=\"text-editor.default\">\n\t\t\t\t<div class=\"elementor-widget-container\">\n\t\t\t\t\t\t\t\t<div class=\"elementor-text-editor elementor-clearfix\">\n\t\t\t\t<p><strong>Szukaj<\/strong><\/p>\t\t\t\t\t<\/div>\n\t\t\t\t\t\t<\/div>\n\t\t\t\t<\/div>\n\t\t\t\t<div class=\"elementor-element elementor-element-4771d114 elementor-widget elementor-widget-wp-widget-search\" data-id=\"4771d114\" data-element_type=\"widget\" data-widget_type=\"wp-widget-search.default\">\n\t\t\t\t<div class=\"elementor-widget-container\">\n\t\t\t<form role=\"search\" method=\"get\" class=\"search-form\" action=\"https:\/\/www.taxnetto.pl\/\">\n\t\t\t\t<label>\n\t\t\t\t\t<span class=\"screen-reader-text\">Szukaj:<\/span>\n\t\t\t\t\t<input type=\"search\" class=\"search-field\" placeholder=\"Szukaj &hellip;\" value=\"\" name=\"s\" \/>\n\t\t\t\t<\/label>\n\t\t\t\t<input type=\"submit\" class=\"search-submit\" value=\"Szukaj\" \/>\n\t\t\t<\/form>\t\t<\/div>\n\t\t\t\t<\/div>\n\t\t\t\t\t\t<\/div>\n\t\t\t\t\t<\/div>\n\t\t<\/div>\n\t\t\t\t\t\t\t\t<\/div>\n\t\t\t\t\t<\/div>\n\t\t<\/section>\n\t\t\t\t<section class=\"elementor-section elementor-top-section elementor-element elementor-element-f9f72a8 elementor-section-boxed elementor-section-height-default elementor-section-height-default\" data-id=\"f9f72a8\" data-element_type=\"section\">\n\t\t\t\t\t\t<div class=\"elementor-container elementor-column-gap-default\">\n\t\t\t\t\t\t\t<div class=\"elementor-row\">\n\t\t\t\t\t<div class=\"elementor-column elementor-col-100 elementor-top-column elementor-element elementor-element-4d3dd84\" data-id=\"4d3dd84\" data-element_type=\"column\">\n\t\t\t<div class=\"elementor-column-wrap elementor-element-populated\">\n\t\t\t\t\t\t\t<div class=\"elementor-widget-wrap\">\n\t\t\t\t\t\t<div class=\"elementor-element elementor-element-31a2bdd elementor-widget elementor-widget-text-editor\" data-id=\"31a2bdd\" data-element_type=\"widget\" data-widget_type=\"text-editor.default\">\n\t\t\t\t<div class=\"elementor-widget-container\">\n\t\t\t\t\t\t\t\t<div class=\"elementor-text-editor elementor-clearfix\">\n\t\t\t\t<p><strong>Zaufali Nam<\/strong><\/p>\t\t\t\t\t<\/div>\n\t\t\t\t\t\t<\/div>\n\t\t\t\t<\/div>\n\t\t\t\t<div class=\"elementor-element elementor-element-a3a5f5b elementor-arrows-position-inside elementor-pagination-position-outside elementor-widget elementor-widget-image-carousel\" data-id=\"a3a5f5b\" data-element_type=\"widget\" data-settings=\"{&quot;slides_to_show&quot;:&quot;3&quot;,&quot;navigation&quot;:&quot;both&quot;,&quot;autoplay&quot;:&quot;yes&quot;,&quot;pause_on_hover&quot;:&quot;yes&quot;,&quot;pause_on_interaction&quot;:&quot;yes&quot;,&quot;autoplay_speed&quot;:5000,&quot;infinite&quot;:&quot;yes&quot;,&quot;speed&quot;:500}\" data-widget_type=\"image-carousel.default\">\n\t\t\t\t<div class=\"elementor-widget-container\">\n\t\t\t\t\t<div class=\"elementor-image-carousel-wrapper swiper-container\" dir=\"ltr\">\n\t\t\t<div class=\"elementor-image-carousel swiper-wrapper\">\n\t\t\t\t\t\t\t\t<div class=\"swiper-slide\"><figure class=\"swiper-slide-inner\"><img decoding=\"async\" class=\"swiper-slide-image\" src=\"https:\/\/www.taxnetto.pl\/wp-content\/uploads\/2020\/06\/unigraf.png\" alt=\"unigraf.png\" \/><\/figure><\/div><div class=\"swiper-slide\"><figure class=\"swiper-slide-inner\"><img decoding=\"async\" class=\"swiper-slide-image\" src=\"https:\/\/www.taxnetto.pl\/wp-content\/uploads\/2020\/06\/skimaxx.png\" alt=\"skimaxx.png\" \/><\/figure><\/div><div class=\"swiper-slide\"><figure class=\"swiper-slide-inner\"><img decoding=\"async\" class=\"swiper-slide-image\" src=\"https:\/\/www.taxnetto.pl\/wp-content\/uploads\/2020\/06\/gal_dekor.png\" alt=\"gal_dekor.png\" \/><\/figure><\/div><div class=\"swiper-slide\"><figure class=\"swiper-slide-inner\"><img decoding=\"async\" class=\"swiper-slide-image\" src=\"https:\/\/www.taxnetto.pl\/wp-content\/uploads\/2020\/06\/artigraf-1.png\" alt=\"artigraf-1.png\" \/><\/figure><\/div><div class=\"swiper-slide\"><figure class=\"swiper-slide-inner\"><img decoding=\"async\" class=\"swiper-slide-image\" src=\"https:\/\/www.taxnetto.pl\/wp-content\/uploads\/2020\/06\/sport-klub.png\" alt=\"sport-klub.png\" \/><\/figure><\/div><div class=\"swiper-slide\"><figure class=\"swiper-slide-inner\"><img decoding=\"async\" class=\"swiper-slide-image\" src=\"https:\/\/www.taxnetto.pl\/wp-content\/uploads\/2020\/06\/skk_200x150.png\" alt=\"skk_200x150.png\" \/><\/figure><\/div><div class=\"swiper-slide\"><figure class=\"swiper-slide-inner\"><img decoding=\"async\" class=\"swiper-slide-image\" src=\"https:\/\/www.taxnetto.pl\/wp-content\/uploads\/2020\/06\/trenerp_400x150-2.png\" alt=\"trenerp_400x150-2.png\" \/><\/figure><\/div><div class=\"swiper-slide\"><figure class=\"swiper-slide-inner\"><img decoding=\"async\" class=\"swiper-slide-image\" src=\"https:\/\/www.taxnetto.pl\/wp-content\/uploads\/2020\/07\/jjcar_logo_bt.jpg\" alt=\"jjcar_logo_bt\" \/><\/figure><\/div><div class=\"swiper-slide\"><figure class=\"swiper-slide-inner\"><img decoding=\"async\" class=\"swiper-slide-image\" src=\"https:\/\/www.taxnetto.pl\/wp-content\/uploads\/2020\/07\/lgo1a.png\" alt=\"lgo1a\" \/><\/figure><\/div>\t\t\t<\/div>\n\t\t\t\t\t\t\t\t\t\t\t\t<div class=\"swiper-pagination\"><\/div>\n\t\t\t\t\t\t\t\t\t\t\t\t\t<div class=\"elementor-swiper-button elementor-swiper-button-prev\">\n\t\t\t\t\t\t<i aria-hidden=\"true\" class=\"eicon-chevron-left\"><\/i>\t\t\t\t\t\t<span class=\"elementor-screen-only\">Poprzednie<\/span>\n\t\t\t\t\t<\/div>\n\t\t\t\t\t<div class=\"elementor-swiper-button elementor-swiper-button-next\">\n\t\t\t\t\t\t<i aria-hidden=\"true\" class=\"eicon-chevron-right\"><\/i>\t\t\t\t\t\t<span class=\"elementor-screen-only\">Nast\u0119pne<\/span>\n\t\t\t\t\t<\/div>\n\t\t\t\t\t\t\t\t\t<\/div>\n\t\t\t\t<\/div>\n\t\t\t\t<\/div>\n\t\t\t\t\t\t<\/div>\n\t\t\t\t\t<\/div>\n\t\t<\/div>\n\t\t\t\t\t\t\t\t<\/div>\n\t\t\t\t\t<\/div>\n\t\t<\/section>\n\t\t\t\t\t\t\t\t\t<\/div>\n\t\t\t<\/div>\n\t\t\t\t\t<\/div>\n\t\t","protected":false},"excerpt":{"rendered":"<p>URUCHOM FIRM\u0118 W KILKA MINUT W Biurze Rachunkowym TAX-NETTO, w kilka chwil pomo\u017cemy przej\u015b\u0107 proces rejestracji firmy, a w szczeg\u00f3lno\u015bci: pomo\u017cemy wype\u0142ni\u0107 stosowne dokumenty doradzimy w temacie podatk\u00f3w dokonamy rejestracji w CEiDG dokonamy zg\u0142oszenia w ZUS za\u0142o\u017cymy rachunek bankowy uruchomimy [&hellip;]<\/p>\n","protected":false},"author":1,"featured_media":0,"parent":56,"menu_order":0,"comment_status":"closed","ping_status":"closed","template":"elementor_header_footer","meta":[],"_links":{"self":[{"href":"https:\/\/www.taxnetto.pl\/index.php\/wp-json\/wp\/v2\/pages\/61"}],"collection":[{"href":"https:\/\/www.taxnetto.pl\/index.php\/wp-json\/wp\/v2\/pages"}],"about":[{"href":"https:\/\/www.taxnetto.pl\/index.php\/wp-json\/wp\/v2\/types\/page"}],"author":[{"embeddable":true,"href":"https:\/\/www.taxnetto.pl\/index.php\/wp-json\/wp\/v2\/users\/1"}],"replies":[{"embeddable":true,"href":"https:\/\/www.taxnetto.pl\/index.php\/wp-json\/wp\/v2\/comments?post=61"}],"version-history":[{"count":37,"href":"https:\/\/www.taxnetto.pl\/index.php\/wp-json\/wp\/v2\/pages\/61\/revisions"}],"predecessor-version":[{"id":1199,"href":"https:\/\/www.taxnetto.pl\/index.php\/wp-json\/wp\/v2\/pages\/61\/revisions\/1199"}],"up":[{"embeddable":true,"href":"https:\/\/www.taxnetto.pl\/index.php\/wp-json\/wp\/v2\/pages\/56"}],"wp:attachment":[{"href":"https:\/\/www.taxnetto.pl\/index.php\/wp-json\/wp\/v2\/media?parent=61"}],"curies":[{"name":"wp","href":"https:\/\/api.w.org\/{rel}","templated":true}]}}