{"id":50,"date":"2020-06-12T15:54:43","date_gmt":"2020-06-12T13:54:43","guid":{"rendered":"http:\/\/www.taxnetto.pl\/?page_id=50"},"modified":"2023-03-21T13:07:39","modified_gmt":"2023-03-21T12:07:39","slug":"oplaty-administracyjne","status":"publish","type":"page","link":"https:\/\/www.taxnetto.pl\/index.php\/cennik\/oplaty-administracyjne\/","title":{"rendered":"Op\u0142aty Administracyjne"},"content":{"rendered":"\t\t<div id=\"oplaty_administracyjne-cennik-5\" class=\"wrcpt_content wrcpt_container\">\r\n\t\t\t<div class=\"wrc_pricing_table wrcpt_row\">\r\n<style type=\"text\/css\">\r\n\/* Responsive View *\/\r\n@media only screen and (max-width : 480px) {div#oplaty_administracyjne-cennik-5 div.package_details {width: 100%;margin-top: 40px !important}}\r\n@media only screen and (min-width : 481px) and (max-width: 1023px) {div#oplaty_administracyjne-cennik-5 div.package_details {width: 50%}}\r\n@media screen and (min-width: 1024px) {\r\ndiv#oplaty_administracyjne-cennik-5 div.package_caption {width: 45%}\r\ndiv.wrcpt_content h3.caption {font-size: 18px;}div#oplaty_administracyjne-cennik-5 div.package_details {width: 45%;}\r\ndiv#oplaty_administracyjne-cennik-5 div.package_details:nth-of-type(7n+7) {margin-right: 0}\r\ndiv#oplaty_administracyjne-cennik-5 div.package_caption li.feature_style_2 span.caption, div#oplaty_administracyjne-cennik-5 div.package_caption li.feature_style_3 span.caption, div#oplaty_administracyjne-cennik-5 div.package_caption li.feature_style_2 span.cap_tooltip, div#oplaty_administracyjne-cennik-5 div.package_caption li.feature_style_3 span.cap_tooltip, div#oplaty_administracyjne-cennik-5 div.package_details li.feature_style_1 span {}\r\n}\r\n\/* End of responsive view *\/\r\ndiv#oplaty_administracyjne-cennik-5 {width:90%}div#oplaty_administracyjne-cennik-5 div.package_caption li.feature_style_2, div#oplaty_administracyjne-cennik-5 div.package_caption li.feature_style_3 {padding-right: 25px;}\r\ndiv#oplaty_administracyjne-cennik-5 div.package_details span.feature_yes:before {background: url(https:\/\/www.taxnetto.pl\/wp-content\/plugins\/wrc-pricing-tables\/lib\/..\/images\/wrcpt-buttons.png) no-repeat -24px -41px}\r\ndiv#oplaty_administracyjne-cennik-5 div.package_details span.feature_no:before {background: url(https:\/\/www.taxnetto.pl\/wp-content\/plugins\/wrc-pricing-tables\/lib\/..\/images\/wrcpt-buttons.png) no-repeat -24px -91px}\r\n<\/style>\t\t\t\t\t\t\t<div class=\"package_caption\">\r\n\t\t\t\t\t\t\t\t<ul>\r\n\t\t\t\t\t\t\t\t\t<li class=\"pricing_table_title\"><\/li>\r\n\t\t\t\t\t\t\t\t\t<li class=\"pricing_table_plan\">\r\n\t\t\t\t\t\t\t\t\t\t<h3 class=\"caption\">Oplaty Administracyjne-Cennik<\/h3>\r\n\t\t\t\t\t\t\t\t\t<\/li>\t\t\t\t\t\t\t\t\t\t\t\t<li class=\"feature_style_3 top_left\"><div class=\"caption_lists\"><span class=\"caption\">DOKUMENTY DOSTARCZONE PO 10tym\/mc<\/span><\/div><\/li>\t\t\t\t\t\t\t\t\t\t\t\t<li class=\"feature_style_2\"><div class=\"caption_lists\"><span class=\"caption\">DOKUMENTY DOSTARCZONE PO 17tym\/mc<\/span><\/div><\/li>\t\t\t\t\t\t\t\t\t\t\t\t<li class=\"feature_style_3\"><div class=\"caption_lists\"><span class=\"caption\">PRZESY\u0141ANIE DOKUMENT\u00d3W W MAILACH<\/span><\/div><\/li>\t\t\t\t\t\t\t\t\t\t\t\t<li class=\"feature_style_2\"><div class=\"caption_lists\"><span class=\"caption\">ODBI\u00d3R DOKUMENT\u00d3W (KURIER LUB PRACOWNIK)<\/span><\/div><\/li>\t\t\t\t\t\t\t\t\t\t\t\t<li class=\"feature_style_3\"><div class=\"caption_lists\"><span class=\"caption\">DOKUMENTY W FORMIE PAPIEROWEJ<\/span><\/div><\/li>\t\t\t\t\t\t\t\t\t\t\t\t<li class=\"feature_style_2\"><div class=\"caption_lists\"><span class=\"caption\">OP\u0141ATA ZA OP\u00d3\u0179NION\u0104 P\u0141ATNO\u015a\u0106<\/span><\/div><\/li>\t\t\t\t\t\t\t\t\t\t\t\t<li class=\"feature_style_3\"><div class=\"caption_lists\"><span class=\"caption\">MONIT O ZAP\u0141AT\u0118 FV<\/span><\/div><\/li>\t\t\t\t\t\t\t\t\t\t\t\t<li class=\"feature_style_2\"><div class=\"caption_lists\"><span class=\"caption\">WEZWANIE DO ZAP\u0141ATY<\/span><\/div><\/li>\t\t\t\t\t\t\t\t\t\t\t\t<li class=\"feature_style_3\"><div class=\"caption_lists\"><span class=\"caption\">ODBLOKOWANIE WSTRZYMANYCH US\u0141UG<\/span><\/div><\/li>\t\t\t\t\t\t\t\t\t\t\t\t<li class=\"feature_style_2\"><div class=\"caption_lists\"><span class=\"caption\">EXPRES - przygotowanie dokument\u00f3w na ju\u017c<\/span><\/div><\/li>\t\t\t\t\t\t\t\t\t\t\t\t<li class=\"feature_style_3\"><div class=\"caption_lists\"><span class=\"caption\">PROTOK\u00d3\u0141 ZDAWCZO-ODBIORCZY<\/span><\/div><\/li>\t\t\t\t\t\t\t\t\t\t\t\t<li class=\"feature_style_2 bottom_left\"><div class=\"caption_lists\"><span class=\"caption\">PRZYCH\u00d3D POWY\u017bEJ MLN<\/span><\/div><\/li>\t\t\t\t\t\t\t\t<\/ul>\r\n\t\t\t\t\t\t\t<\/div><style type=\"text\/css\">\r\ndiv#oplaty_administracyjne-cennik-5 div.package_details h3.txcolor-43 {font-size: 22px;color: #FFFFFF;}\r\ndiv#oplaty_administracyjne-cennik-5 div.package_details li.color-43 {background: -moz-linear-gradient(#76d5ff, #44A3D5);background: -webkit-gradient(linear, center top, center bottom, from(#76d5ff), to(#44A3D5));background: -webkit-linear-gradient(#76d5ff, #44A3D5);background: -o-linear-gradient(#76d5ff, #44A3D5);background: -ms-linear-gradient(#76d5ff, #44A3D5);filter: progid:DXImageTransform.Microsoft.gradient(startColorstr='#76d5ff', endColorstr='#44A3D5',GradientType=1);-ms-filter: progid:DXImageTransform.Microsoft.gradient(startColorstr='#76d5ff', endColorstr='#44A3D5',GradientType=1);background: linear-gradient(#76d5ff, #44A3D5);}\r\ndiv#oplaty_administracyjne-cennik-5 div.package_details h2.txcolor-43 {color: #FFFFFF;}div#oplaty_administracyjne-cennik-5 div.package_details h2.txcolor-43 span.price {color: #FFFFFF;}\r\ndiv#oplaty_administracyjne-cennik-5 div.package_details h2.txcolor-43 span.unit, div#oplaty_administracyjne-cennik-5 div.package_details h2.txcolor-43 span.cent {color: #FFFFFF;}\r\ndiv#oplaty_administracyjne-cennik-5 div.package_details li.plan-43, div#oplaty_administracyjne-cennik-5 div.package_details li.bbcolor-43 {background: -moz-linear-gradient(#58b7e9, #44A3D5);background: -webkit-gradient(linear, center top, center bottom, from(#58b7e9), to(#44A3D5));background: -webkit-linear-gradient(#58b7e9, #44A3D5);background: -o-linear-gradient(#58b7e9, #44A3D5);background: -ms-linear-gradient(#58b7e9, #44A3D5);filter: progid:DXImageTransform.Microsoft.gradient( startColorstr='#58b7e9', endColorstr='#44A3D5',GradientType=1 );-ms-filter: progid:DXImageTransform.Microsoft.gradient( startColorstr='#58b7e9', endColorstr='#44A3D5',GradientType=1 );background: linear-gradient(#58b7e9, #44A3D5);}\r\ndiv#oplaty_administracyjne-cennik-5 div.package_details li.button-43 .action_button {background: -moz-linear-gradient(#656565, #333333);background: -webkit-gradient(linear, center top, center bottom, from(#656565), to(#333333));background: -webkit-linear-gradient(#656565, #333333);background: -o-linear-gradient(#656565, #333333);background: -ms-linear-gradient(#656565, #333333);filter: progid:DXImageTransform.Microsoft.gradient( startColorstr='#656565', endColorstr='#333333',GradientType=1 );-ms-filter: progid:DXImageTransform.Microsoft.gradient( startColorstr='#656565', endColorstr='#333333',GradientType=1 );background: linear-gradient(#656565, #333333);border:1px solid #333333;color: #FFFFFF;}\r\ndiv#oplaty_administracyjne-cennik-5 div.package_details li.button-43 .action_button:hover {background: -moz-linear-gradient(#656565, #333333);background: -webkit-gradient(linear, center top, center bottom, from(#656565), to(#333333));background: -webkit-linear-gradient(#656565, #333333);background: -o-linear-gradient(#656565, #333333);background: -ms-linear-gradient(#656565, #333333);filter: progid:DXImageTransform.Microsoft.gradient( startColorstr='#656565', endColorstr='#333333',GradientType=1 );-ms-filter: progid:DXImageTransform.Microsoft.gradient( startColorstr='#656565', endColorstr='#333333',GradientType=1 );background: linear-gradient(#656565, #333333);border:1px solid #333333;color: #FFFFFF;}\r\ndiv#oplaty_administracyjne-cennik-5 div.package_details li.button-43 .action_button span {color: #FFFFFF;}\r\n\r\ndiv#oplaty_administracyjne-cennik-5 div.package_details li.ftcolor-43, div#oplaty_administracyjne-cennik-5 div.package_details li.ftcolor-43 a.wrc_tooltip, div#oplaty_administracyjne-cennik-5 div.package_details li.ftcolor-43 div.feat_cap, div#oplaty_administracyjne-cennik-5 div.package_details li.ftcolor-43 span.text_tooltip, div#oplaty_administracyjne-cennik-5 div.package_details li.ftcolor-43 span.icon_tooltip, div#oplaty_administracyjne-cennik-5 div.package_details li.ftcolor-43 span.fa-icon, div#oplaty_administracyjne-cennik-5 div.package_details li.ftcolor-43 span.hide-fa-icon {}\r\ndiv#oplaty_administracyjne-cennik-5 div.package_details li.ftcolor-43 span.feat_value, div#oplaty_administracyjne-cennik-5 div.package_details li.ftcolor-43 span.media_screen {}\r\ndiv#oplaty_administracyjne-cennik-5 div.package_details li.ftcolor-43 {padding:0 5px 0 20px}div#oplaty_administracyjne-cennik-5 div.package_details li.ftcolor-43 {text-align:center}\r\ndiv#oplaty_administracyjne-cennik-5 div.package_details li .ribbon_color-43 {top:63px}\r\ndiv#oplaty_administracyjne-cennik-5 div.package_details li .ribbon_color-43 a {background: #CB0000;background: -moz-linear-gradient(left, #ff5050, #CB0000);background: -webkit-linear-gradient(left, #ff5050, #CB0000);background: -o-linear-gradient(left, #ff5050, #CB0000);background: -ms-linear-gradient(left, #ff5050, #CB0000);filter: progid:DXImageTransform.Microsoft.gradient( startColorstr='#ff5050', endColorstr='#CB0000',GradientType=1 );-ms-filter: progid:DXImageTransform.Microsoft.gradient(startColorstr='#ff5050', endColorstr='#CB0000',GradientType=1);background: linear-gradient(to right, #ff5050, #CB0000);color: #333333}\r\ndiv#oplaty_administracyjne-cennik-5 div.package_details li .ribbon_color-43 a:before {border-color: transparent #ff5050 transparent transparent}\r\ndiv#oplaty_administracyjne-cennik-5 div.package_details li .ribbon_color-43 a:after {border-top: 8px solid rgba(0,0,0,.5)}\r\n<\/style>\r\n\t\t\t\t\t\t\t\t\t\t<div class=\"package_details package-43\">\r\n\t\t\t\t\t\t<ul>\r\n\t\t\t\t\t\t\t                            <li class=\"pricing_table_title color-43 title_top_radius\">\r\n                            \t<h3 class=\"package_type txcolor-43\">CENA<span class=\"package_desc\"><\/span><\/h3>\r\n                            <\/li>\r\n                            <li class=\"pricing_table_plan plan-43 top_price\">\r\n                                <h2 class=\"package_plan txcolor-43\">\r\n                                    <span class=\"unit\"><\/span><span class=\"price\"><\/span><span class=\"cent\"><\/span><span class=\"plan\">W pakiecie<\/span>\r\n\t\t\t\t\t\t\t\t\t<span class=\"price_desc\"><\/span>\r\n                                <\/h2>\r\n                            <\/li>                                    <li class=\"feature_style_1 ftcolor-43 altrowcolor top-feature\">\r\n                                        <div class=\"feature_lists\">                                                    <div class=\"feat_cap\">15,00\/szt<\/div>\r\n                                                    <span class=\"media_screen\">DOKUMENTY DOSTARCZONE PO 10tym\/mc<\/span>                                        <\/div>\r\n                                    <\/li>                                    <li class=\"feature_style_1 ftcolor-43 rowcolor\">\r\n                                        <div class=\"feature_lists\">                                                    <div class=\"feat_cap\">20,00\/szt<\/div>\r\n                                                    <span class=\"media_screen\">DOKUMENTY DOSTARCZONE PO 17tym\/mc<\/span>                                        <\/div>\r\n                                    <\/li>                                    <li class=\"feature_style_1 ftcolor-43 altrowcolor\">\r\n                                        <div class=\"feature_lists\">                                                    <div class=\"feat_cap\">20,00\/szt<\/div>\r\n                                                    <span class=\"media_screen\">PRZESY\u0141ANIE DOKUMENT\u00d3W W MAILACH<\/span>                                        <\/div>\r\n                                    <\/li>                                    <li class=\"feature_style_1 ftcolor-43 rowcolor\">\r\n                                        <div class=\"feature_lists\">                                                    <div class=\"feat_cap\">30,00<\/div>\r\n                                                    <span class=\"media_screen\">ODBI\u00d3R DOKUMENT\u00d3W (KURIER LUB PRACOWNIK)<\/span>                                        <\/div>\r\n                                    <\/li>                                    <li class=\"feature_style_1 ftcolor-43 altrowcolor\">\r\n                                        <div class=\"feature_lists\">                                                    <div class=\"feat_cap\">+20%<\/div>\r\n                                                    <span class=\"media_screen\">DOKUMENTY W FORMIE PAPIEROWEJ<\/span>                                        <\/div>\r\n                                    <\/li>                                    <li class=\"feature_style_1 ftcolor-43 rowcolor\">\r\n                                        <div class=\"feature_lists\">                                                    <div class=\"feat_cap\">+30%<\/div>\r\n                                                    <span class=\"media_screen\">OP\u0141ATA ZA OP\u00d3\u0179NION\u0104 P\u0141ATNO\u015a\u0106<\/span>                                        <\/div>\r\n                                    <\/li>                                    <li class=\"feature_style_1 ftcolor-43 altrowcolor\">\r\n                                        <div class=\"feature_lists\">                                                    <div class=\"feat_cap\">70,00<\/div>\r\n                                                    <span class=\"media_screen\">MONIT O ZAP\u0141AT\u0118 FV<\/span>                                        <\/div>\r\n                                    <\/li>                                    <li class=\"feature_style_1 ftcolor-43 rowcolor\">\r\n                                        <div class=\"feature_lists\">                                                    <div class=\"feat_cap\">70,00<\/div>\r\n                                                    <span class=\"media_screen\">WEZWANIE DO ZAP\u0141ATY<\/span>                                        <\/div>\r\n                                    <\/li>                                    <li class=\"feature_style_1 ftcolor-43 altrowcolor\">\r\n                                        <div class=\"feature_lists\">                                                    <div class=\"feat_cap\">250,00<\/div>\r\n                                                    <span class=\"media_screen\">ODBLOKOWANIE WSTRZYMANYCH US\u0141UG<\/span>                                        <\/div>\r\n                                    <\/li>                                    <li class=\"feature_style_1 ftcolor-43 rowcolor\">\r\n                                        <div class=\"feature_lists\">                                                    <div class=\"feat_cap\">+100%<\/div>\r\n                                                    <span class=\"media_screen\">EXPRES - przygotowanie dokument\u00f3w na ju\u017c<\/span>                                        <\/div>\r\n                                    <\/li>                                    <li class=\"feature_style_1 ftcolor-43 altrowcolor\">\r\n                                        <div class=\"feature_lists\">                                                    <div class=\"feat_cap\">90,00<\/div>\r\n                                                    <span class=\"media_screen\">PROTOK\u00d3\u0141 ZDAWCZO-ODBIORCZY<\/span>                                        <\/div>\r\n                                    <\/li>                                    <li class=\"feature_style_1 ftcolor-43 rowcolor last-feature\">\r\n                                        <div class=\"feature_lists\">                                                    <div class=\"feat_cap\">250,00\/MC ZA KA\u017bDY MLN<\/div>\r\n                                                    <span class=\"media_screen\">PRZYCH\u00d3D POWY\u017bEJ MLN<\/span>                                        <\/div>\r\n                                    <\/li>\t\t\t\t\t\t\t<li class=\"pricing_table_button bbcolor-43 button-43\">\r\n\t\t\t\t\t\t\t\t<div class=\"button_code\">\r\n\t\t\t\t\t\t\t\t\t<a href=\"http:\/\/www.taxnetto.pl\/index.php\/kontakt\/\" class=\"action_button\">WYBIERAM<\/a>\r\n\t\t\t\t\t\t\t\t<\/div>\r\n\t\t\t\t\t\t\t<\/li>\r\n\t\t\t\t\t\t<\/ul>\r\n\t\t\t\t\t<\/div> <!-- End of package_details -->\r\n\t\t\t\t\t\t\t\t\t <!-- End of ForEach -->\r\n\t\t\t<\/div>\r\n\t\t<\/div>\r\n\t\t<div class=\"wrc_clear\"><\/div>\r\n\t\n","protected":false},"excerpt":{"rendered":"","protected":false},"author":1,"featured_media":0,"parent":32,"menu_order":0,"comment_status":"closed","ping_status":"closed","template":"elementor_header_footer","meta":[],"_links":{"self":[{"href":"https:\/\/www.taxnetto.pl\/index.php\/wp-json\/wp\/v2\/pages\/50"}],"collection":[{"href":"https:\/\/www.taxnetto.pl\/index.php\/wp-json\/wp\/v2\/pages"}],"about":[{"href":"https:\/\/www.taxnetto.pl\/index.php\/wp-json\/wp\/v2\/types\/page"}],"author":[{"embeddable":true,"href":"https:\/\/www.taxnetto.pl\/index.php\/wp-json\/wp\/v2\/users\/1"}],"replies":[{"embeddable":true,"href":"https:\/\/www.taxnetto.pl\/index.php\/wp-json\/wp\/v2\/comments?post=50"}],"version-history":[{"count":3,"href":"https:\/\/www.taxnetto.pl\/index.php\/wp-json\/wp\/v2\/pages\/50\/revisions"}],"predecessor-version":[{"id":1010,"href":"https:\/\/www.taxnetto.pl\/index.php\/wp-json\/wp\/v2\/pages\/50\/revisions\/1010"}],"up":[{"embeddable":true,"href":"https:\/\/www.taxnetto.pl\/index.php\/wp-json\/wp\/v2\/pages\/32"}],"wp:attachment":[{"href":"https:\/\/www.taxnetto.pl\/index.php\/wp-json\/wp\/v2\/media?parent=50"}],"curies":[{"name":"wp","href":"https:\/\/api.w.org\/{rel}","templated":true}]}}