{"id":46,"date":"2020-06-12T15:53:11","date_gmt":"2020-06-12T13:53:11","guid":{"rendered":"http:\/\/www.taxnetto.pl\/?page_id=46"},"modified":"2023-03-21T13:06:41","modified_gmt":"2023-03-21T12:06:41","slug":"uslugi-dodatkowe","status":"publish","type":"page","link":"https:\/\/www.taxnetto.pl\/index.php\/cennik\/uslugi-dodatkowe\/","title":{"rendered":"Us\u0142ugi Dodatkowe"},"content":{"rendered":"\t\t<div id=\"uslugi_dodatkowe_-_cennik-8\" class=\"wrcpt_content wrcpt_container\">\r\n\t\t\t<div class=\"wrc_pricing_table wrcpt_row\">\r\n<style type=\"text\/css\">\r\n\/* Responsive View *\/\r\n@media only screen and (max-width : 480px) {div#uslugi_dodatkowe_-_cennik-8 div.package_details {width: 100%;margin-top: 40px !important}}\r\n@media only screen and (min-width : 481px) and (max-width: 1023px) {div#uslugi_dodatkowe_-_cennik-8 div.package_details {width: 50%}}\r\n@media screen and (min-width: 1024px) {\r\ndiv#uslugi_dodatkowe_-_cennik-8 div.package_caption {width: 50%}\r\ndiv.wrcpt_content h3.caption {font-size: 18px;}div#uslugi_dodatkowe_-_cennik-8 div.package_details {width: 50%;}\r\ndiv#uslugi_dodatkowe_-_cennik-8 div.package_details:nth-of-type(5n+5) {margin-right: 0}\r\ndiv#uslugi_dodatkowe_-_cennik-8 div.package_caption li.pricing_table_title {height: 120px;}div#uslugi_dodatkowe_-_cennik-8 div.package_caption li.feature_style_2 span.caption, div#uslugi_dodatkowe_-_cennik-8 div.package_caption li.feature_style_3 span.caption, div#uslugi_dodatkowe_-_cennik-8 div.package_caption li.feature_style_2 span.cap_tooltip, div#uslugi_dodatkowe_-_cennik-8 div.package_caption li.feature_style_3 span.cap_tooltip, div#uslugi_dodatkowe_-_cennik-8 div.package_details li.feature_style_1 span {}\r\n}\r\n\/* End of responsive view *\/\r\ndiv#uslugi_dodatkowe_-_cennik-8 {width:100%}div#uslugi_dodatkowe_-_cennik-8 div.package_details:hover {-moz-transform: none;-webkit-transform: none;-o-transform: none;-ms-transform: none;transform: none}div#uslugi_dodatkowe_-_cennik-8 div.package_caption li.feature_style_2, div#uslugi_dodatkowe_-_cennik-8 div.package_caption li.feature_style_3 {padding-right: 25px;}\r\ndiv#uslugi_dodatkowe_-_cennik-8 div.package_details span.feature_yes:before {background: url(https:\/\/www.taxnetto.pl\/wp-content\/plugins\/wrc-pricing-tables\/lib\/..\/images\/wrcpt-buttons.png) no-repeat -24px -41px}\r\ndiv#uslugi_dodatkowe_-_cennik-8 div.package_details span.feature_no:before {background: url(https:\/\/www.taxnetto.pl\/wp-content\/plugins\/wrc-pricing-tables\/lib\/..\/images\/wrcpt-buttons.png) no-repeat -24px -91px}\r\n<\/style>\t\t\t\t\t\t\t<div class=\"package_caption\">\r\n\t\t\t\t\t\t\t\t<ul>\r\n\t\t\t\t\t\t\t\t\t<li class=\"pricing_table_title\"><\/li>\r\n\t\t\t\t\t\t\t\t\t<li class=\"pricing_table_plan\">\r\n\t\t\t\t\t\t\t\t\t\t<h3 class=\"caption\">Uslugi Dodatkowe - Cennik<\/h3>\r\n\t\t\t\t\t\t\t\t\t<\/li>\t\t\t\t\t\t\t\t\t\t\t\t<li class=\"feature_style_3 top_left\"><div class=\"caption_lists\"><span class=\"caption\">KONSULTACJE KSI\u0118GOWE - ABONAMENT<\/span><\/div><\/li>\t\t\t\t\t\t\t\t\t\t\t\t<li class=\"feature_style_2\"><div class=\"caption_lists\"><span class=\"caption\">KONSULTACJE KSI\u0118GOWE - NA GODZINY<\/span><\/div><\/li>\t\t\t\t\t\t\t\t\t\t\t\t<li class=\"feature_style_3\"><div class=\"caption_lists\"><span class=\"caption\">PROGNOZA PODATK\u00d3W<\/span><\/div><\/li>\t\t\t\t\t\t\t\t\t\t\t\t<li class=\"feature_style_2\"><div class=\"caption_lists\"><span class=\"caption\">KOREKTA DEKLARACJI<\/span><\/div><\/li>\t\t\t\t\t\t\t\t\t\t\t\t<li class=\"feature_style_3\"><div class=\"caption_lists\"><span class=\"caption\">PRZYGOTOWANIE DOKUMENT\u00d3W DO KONTROLI<\/span><\/div><\/li>\t\t\t\t\t\t\t\t\t\t\t\t<li class=\"feature_style_2\"><div class=\"caption_lists\"><span class=\"caption\">OBS\u0141UGA KONTROLI<\/span><\/div><\/li>\t\t\t\t\t\t\t\t\t\t\t\t<li class=\"feature_style_3\"><div class=\"caption_lists\"><span class=\"caption\">OBS\u0141UGA METODY KASOWEJ<\/span><\/div><\/li>\t\t\t\t\t\t\t\t\t\t\t\t<li class=\"feature_style_2\"><div class=\"caption_lists\"><span class=\"caption\">ROZLICZANIE PRZYCHOD\u00d3W Z INNYCH \u0179R\u00d3DE\u0141<\/span><\/div><\/li>\t\t\t\t\t\t\t\t\t\t\t\t<li class=\"feature_style_3\"><div class=\"caption_lists\"><span class=\"caption\">ROZLICZANIE SAMOCHOD\u00d3W(kilometr\u00f3wka)<\/span><\/div><\/li>\t\t\t\t\t\t\t\t\t\t\t\t<li class=\"feature_style_2\"><div class=\"caption_lists\"><span class=\"caption\">MONITORING BRAKUJ\u0104CYCH KOSZT\u00d3W<\/span><\/div><\/li>\t\t\t\t\t\t\t\t\t\t\t\t<li class=\"feature_style_3\"><div class=\"caption_lists\"><span class=\"caption\">AKTUALIZACJA CEiDG<\/span><\/div><\/li>\t\t\t\t\t\t\t\t\t\t\t\t<li class=\"feature_style_2\"><div class=\"caption_lists\"><span class=\"caption\">AKTUALIZACJA KRS<\/span><\/div><\/li>\t\t\t\t\t\t\t\t\t\t\t\t<li class=\"feature_style_3\"><div class=\"caption_lists\"><span class=\"caption\">AKTUALIZACJA ZUS<\/span><\/div><\/li>\t\t\t\t\t\t\t\t\t\t\t\t<li class=\"feature_style_2\"><div class=\"caption_lists\"><span class=\"caption\">PLAN KONT<\/span><\/div><\/li>\t\t\t\t\t\t\t\t\t\t\t\t<li class=\"feature_style_3\"><div class=\"caption_lists\"><span class=\"caption\">POLITYKA RACHUNKOWO\u015aCI<\/span><\/div><\/li>\t\t\t\t\t\t\t\t\t\t\t\t<li class=\"feature_style_2\"><div class=\"caption_lists\"><span class=\"caption\">DOKUMENTACJA DO KREDYT-LEASING<\/span><\/div><\/li>\t\t\t\t\t\t\t\t\t\t\t\t<li class=\"feature_style_3\"><div class=\"caption_lists\"><span class=\"caption\">ZESTAWIENIA NA ZAM\u00d3WIENIE KLIENTA<\/span><\/div><\/li>\t\t\t\t\t\t\t\t\t\t\t\t<li class=\"feature_style_2\"><div class=\"caption_lists\"><span class=\"caption\">OPIEKA NAD P\u0141ATNO\u015aCIAMI<\/span><\/div><\/li>\t\t\t\t\t\t\t\t\t\t\t\t<li class=\"feature_style_3\"><div class=\"caption_lists\"><span class=\"caption\">SPRAWOZDANIA GUS<\/span><\/div><\/li>\t\t\t\t\t\t\t\t\t\t\t\t<li class=\"feature_style_2\"><div class=\"caption_lists\"><span class=\"caption\">ZAMKNI\u0118CIE ROKU<\/span><\/div><\/li>\t\t\t\t\t\t\t\t\t\t\t\t<li class=\"feature_style_3\"><div class=\"caption_lists\"><span class=\"caption\">SPRAWOZDANIE FINANSOWE<\/span><\/div><\/li>\t\t\t\t\t\t\t\t\t\t\t\t<li class=\"feature_style_2 bottom_left\"><div class=\"caption_lists\"><span class=\"caption\">POZOSTA\u0141E US\u0141UGI<\/span><\/div><\/li>\t\t\t\t\t\t\t\t<\/ul>\r\n\t\t\t\t\t\t\t<\/div><style type=\"text\/css\">\r\ndiv#uslugi_dodatkowe_-_cennik-8 div.package_details h3.txcolor-41 {font-size: 22px;color: #FFFFFF;}\r\ndiv#uslugi_dodatkowe_-_cennik-8 div.package_details li.color-41 {background: -moz-linear-gradient(#76d5ff, #44A3D5);background: -webkit-gradient(linear, center top, center bottom, from(#76d5ff), to(#44A3D5));background: -webkit-linear-gradient(#76d5ff, #44A3D5);background: -o-linear-gradient(#76d5ff, #44A3D5);background: -ms-linear-gradient(#76d5ff, #44A3D5);filter: progid:DXImageTransform.Microsoft.gradient(startColorstr='#76d5ff', endColorstr='#44A3D5',GradientType=1);-ms-filter: progid:DXImageTransform.Microsoft.gradient(startColorstr='#76d5ff', endColorstr='#44A3D5',GradientType=1);background: linear-gradient(#76d5ff, #44A3D5);height: 120px;line-height: 120px;}\r\ndiv#uslugi_dodatkowe_-_cennik-8 div.package_details h2.txcolor-41 {font-size: 40px;color: #FFFFFF;}div#uslugi_dodatkowe_-_cennik-8 div.package_details h2.txcolor-41 span.price {font-size: 40px;color: #FFFFFF;}\r\ndiv#uslugi_dodatkowe_-_cennik-8 div.package_details h2.txcolor-41 span.unit, div#uslugi_dodatkowe_-_cennik-8 div.package_details h2.txcolor-41 span.cent {color: #FFFFFF;}\r\ndiv#uslugi_dodatkowe_-_cennik-8 div.package_details li.plan-41, div#uslugi_dodatkowe_-_cennik-8 div.package_details li.bbcolor-41 {background: -moz-linear-gradient(#58b7e9, #44A3D5);background: -webkit-gradient(linear, center top, center bottom, from(#58b7e9), to(#44A3D5));background: -webkit-linear-gradient(#58b7e9, #44A3D5);background: -o-linear-gradient(#58b7e9, #44A3D5);background: -ms-linear-gradient(#58b7e9, #44A3D5);filter: progid:DXImageTransform.Microsoft.gradient( startColorstr='#58b7e9', endColorstr='#44A3D5',GradientType=1 );-ms-filter: progid:DXImageTransform.Microsoft.gradient( startColorstr='#58b7e9', endColorstr='#44A3D5',GradientType=1 );background: linear-gradient(#58b7e9, #44A3D5);}\r\ndiv#uslugi_dodatkowe_-_cennik-8 div.package_details li.button-41 .action_button {background: -moz-linear-gradient(#656565, #333333);background: -webkit-gradient(linear, center top, center bottom, from(#656565), to(#333333));background: -webkit-linear-gradient(#656565, #333333);background: -o-linear-gradient(#656565, #333333);background: -ms-linear-gradient(#656565, #333333);filter: progid:DXImageTransform.Microsoft.gradient( startColorstr='#656565', endColorstr='#333333',GradientType=1 );-ms-filter: progid:DXImageTransform.Microsoft.gradient( startColorstr='#656565', endColorstr='#333333',GradientType=1 );background: linear-gradient(#656565, #333333);border:1px solid #333333;color: #FFFFFF;}\r\ndiv#uslugi_dodatkowe_-_cennik-8 div.package_details li.button-41 .action_button:hover {background: -moz-linear-gradient(#656565, #333333);background: -webkit-gradient(linear, center top, center bottom, from(#656565), to(#333333));background: -webkit-linear-gradient(#656565, #333333);background: -o-linear-gradient(#656565, #333333);background: -ms-linear-gradient(#656565, #333333);filter: progid:DXImageTransform.Microsoft.gradient( startColorstr='#656565', endColorstr='#333333',GradientType=1 );-ms-filter: progid:DXImageTransform.Microsoft.gradient( startColorstr='#656565', endColorstr='#333333',GradientType=1 );background: linear-gradient(#656565, #333333);border:1px solid #333333;color: #FFFFFF;}\r\ndiv#uslugi_dodatkowe_-_cennik-8 div.package_details li.button-41 .action_button span {color: #FFFFFF;}\r\n\r\ndiv#uslugi_dodatkowe_-_cennik-8 div.package_details li.ftcolor-41, div#uslugi_dodatkowe_-_cennik-8 div.package_details li.ftcolor-41 a.wrc_tooltip, div#uslugi_dodatkowe_-_cennik-8 div.package_details li.ftcolor-41 div.feat_cap, div#uslugi_dodatkowe_-_cennik-8 div.package_details li.ftcolor-41 span.text_tooltip, div#uslugi_dodatkowe_-_cennik-8 div.package_details li.ftcolor-41 span.icon_tooltip, div#uslugi_dodatkowe_-_cennik-8 div.package_details li.ftcolor-41 span.fa-icon, div#uslugi_dodatkowe_-_cennik-8 div.package_details li.ftcolor-41 span.hide-fa-icon {}\r\ndiv#uslugi_dodatkowe_-_cennik-8 div.package_details li.ftcolor-41 span.feat_value, div#uslugi_dodatkowe_-_cennik-8 div.package_details li.ftcolor-41 span.media_screen {}\r\ndiv#uslugi_dodatkowe_-_cennik-8 div.package_details li.ftcolor-41 {padding:0 5px 0 20px}div#uslugi_dodatkowe_-_cennik-8 div.package_details li.ftcolor-41 {text-align:center}\r\ndiv#uslugi_dodatkowe_-_cennik-8 div.package_details li .ribbon_color-41 {top:121px}\r\ndiv#uslugi_dodatkowe_-_cennik-8 div.package_details li .ribbon_color-41 a {background: #CB0000;background: -moz-linear-gradient(left, #ff5050, #CB0000);background: -webkit-linear-gradient(left, #ff5050, #CB0000);background: -o-linear-gradient(left, #ff5050, #CB0000);background: -ms-linear-gradient(left, #ff5050, #CB0000);filter: progid:DXImageTransform.Microsoft.gradient( startColorstr='#ff5050', endColorstr='#CB0000',GradientType=1 );-ms-filter: progid:DXImageTransform.Microsoft.gradient(startColorstr='#ff5050', endColorstr='#CB0000',GradientType=1);background: linear-gradient(to right, #ff5050, #CB0000);color: #333333}\r\ndiv#uslugi_dodatkowe_-_cennik-8 div.package_details li .ribbon_color-41 a:before {border-color: transparent #ff5050 transparent transparent}\r\ndiv#uslugi_dodatkowe_-_cennik-8 div.package_details li .ribbon_color-41 a:after {border-top: 8px solid rgba(0,0,0,.5)}\r\n<\/style>\r\n\t\t\t\t\t\t\t\t\t\t<div class=\"package_details package-41\">\r\n\t\t\t\t\t\t<ul>\r\n\t\t\t\t\t\t\t                            <li class=\"pricing_table_title color-41 title_top_radius\">\r\n                            \t<h3 class=\"package_type txcolor-41\">CENA<span class=\"package_desc\"><\/span><\/h3>\r\n                            <\/li>\r\n                            <li class=\"pricing_table_plan plan-41 top_price\">\r\n                                <h2 class=\"package_plan txcolor-41\">\r\n                                    <span class=\"unit\"><\/span><span class=\"price\"><\/span><span class=\"cent\"><\/span><span class=\"plan\">W pakiecie<\/span>\r\n\t\t\t\t\t\t\t\t\t<span class=\"price_desc\"><\/span>\r\n                                <\/h2>\r\n                            <\/li>                                    <li class=\"feature_style_1 ftcolor-41 altrowcolor top-feature\">\r\n                                        <div class=\"feature_lists\">                                                    <div class=\"feat_cap\">150,00<\/div>\r\n                                                    <span class=\"media_screen\">KONSULTACJE KSI\u0118GOWE - ABONAMENT<\/span>                                        <\/div>\r\n                                    <\/li>                                    <li class=\"feature_style_1 ftcolor-41 rowcolor\">\r\n                                        <div class=\"feature_lists\">                                                    <div class=\"feat_cap\">300,00\/h<\/div>\r\n                                                    <span class=\"media_screen\">KONSULTACJE KSI\u0118GOWE - NA GODZINY<\/span>                                        <\/div>\r\n                                    <\/li>                                    <li class=\"feature_style_1 ftcolor-41 altrowcolor\">\r\n                                        <div class=\"feature_lists\">                                                    <div class=\"feat_cap\">220,00<\/div>\r\n                                                    <span class=\"media_screen\">PROGNOZA PODATK\u00d3W<\/span>                                        <\/div>\r\n                                    <\/li>                                    <li class=\"feature_style_1 ftcolor-41 rowcolor\">\r\n                                        <div class=\"feature_lists\">                                                    <div class=\"feat_cap\">70,00<\/div>\r\n                                                    <span class=\"media_screen\">KOREKTA DEKLARACJI<\/span>                                        <\/div>\r\n                                    <\/li>                                    <li class=\"feature_style_1 ftcolor-41 altrowcolor\">\r\n                                        <div class=\"feature_lists\">                                                    <div class=\"feat_cap\">220,00<\/div>\r\n                                                    <span class=\"media_screen\">PRZYGOTOWANIE DOKUMENT\u00d3W DO KONTROLI<\/span>                                        <\/div>\r\n                                    <\/li>                                    <li class=\"feature_style_1 ftcolor-41 rowcolor\">\r\n                                        <div class=\"feature_lists\">                                                    <div class=\"feat_cap\">220,00\/h<\/div>\r\n                                                    <span class=\"media_screen\">OBS\u0141UGA KONTROLI<\/span>                                        <\/div>\r\n                                    <\/li>                                    <li class=\"feature_style_1 ftcolor-41 altrowcolor\">\r\n                                        <div class=\"feature_lists\">                                                    <div class=\"feat_cap\">200,00<\/div>\r\n                                                    <span class=\"media_screen\">OBS\u0141UGA METODY KASOWEJ<\/span>                                        <\/div>\r\n                                    <\/li>                                    <li class=\"feature_style_1 ftcolor-41 rowcolor\">\r\n                                        <div class=\"feature_lists\">                                                    <div class=\"feat_cap\">200,00<\/div>\r\n                                                    <span class=\"media_screen\">ROZLICZANIE PRZYCHOD\u00d3W Z INNYCH \u0179R\u00d3DE\u0141<\/span>                                        <\/div>\r\n                                    <\/li>                                    <li class=\"feature_style_1 ftcolor-41 altrowcolor\">\r\n                                        <div class=\"feature_lists\">                                                    <div class=\"feat_cap\">90,00<\/div>\r\n                                                    <span class=\"media_screen\">ROZLICZANIE SAMOCHOD\u00d3W(kilometr\u00f3wka)<\/span>                                        <\/div>\r\n                                    <\/li>                                    <li class=\"feature_style_1 ftcolor-41 rowcolor\">\r\n                                        <div class=\"feature_lists\">                                                    <div class=\"feat_cap\">200,00<\/div>\r\n                                                    <span class=\"media_screen\">MONITORING BRAKUJ\u0104CYCH KOSZT\u00d3W<\/span>                                        <\/div>\r\n                                    <\/li>                                    <li class=\"feature_style_1 ftcolor-41 altrowcolor\">\r\n                                        <div class=\"feature_lists\">                                                    <div class=\"feat_cap\">190,00<\/div>\r\n                                                    <span class=\"media_screen\">AKTUALIZACJA CEiDG<\/span>                                        <\/div>\r\n                                    <\/li>                                    <li class=\"feature_style_1 ftcolor-41 rowcolor\">\r\n                                        <div class=\"feature_lists\">                                                    <div class=\"feat_cap\">490,00<\/div>\r\n                                                    <span class=\"media_screen\">AKTUALIZACJA KRS<\/span>                                        <\/div>\r\n                                    <\/li>                                    <li class=\"feature_style_1 ftcolor-41 altrowcolor\">\r\n                                        <div class=\"feature_lists\">                                                    <div class=\"feat_cap\">200,00<\/div>\r\n                                                    <span class=\"media_screen\">AKTUALIZACJA ZUS<\/span>                                        <\/div>\r\n                                    <\/li>                                    <li class=\"feature_style_1 ftcolor-41 rowcolor\">\r\n                                        <div class=\"feature_lists\">                                                    <div class=\"feat_cap\">800,00<\/div>\r\n                                                    <span class=\"media_screen\">PLAN KONT<\/span>                                        <\/div>\r\n                                    <\/li>                                    <li class=\"feature_style_1 ftcolor-41 altrowcolor\">\r\n                                        <div class=\"feature_lists\">                                                    <div class=\"feat_cap\">900,00<\/div>\r\n                                                    <span class=\"media_screen\">POLITYKA RACHUNKOWO\u015aCI<\/span>                                        <\/div>\r\n                                    <\/li>                                    <li class=\"feature_style_1 ftcolor-41 rowcolor\">\r\n                                        <div class=\"feature_lists\">                                                    <div class=\"feat_cap\">220,00\/h<\/div>\r\n                                                    <span class=\"media_screen\">DOKUMENTACJA DO KREDYT-LEASING<\/span>                                        <\/div>\r\n                                    <\/li>                                    <li class=\"feature_style_1 ftcolor-41 altrowcolor\">\r\n                                        <div class=\"feature_lists\">                                                    <div class=\"feat_cap\">220,00\/h<\/div>\r\n                                                    <span class=\"media_screen\">ZESTAWIENIA NA ZAM\u00d3WIENIE KLIENTA<\/span>                                        <\/div>\r\n                                    <\/li>                                    <li class=\"feature_style_1 ftcolor-41 rowcolor\">\r\n                                        <div class=\"feature_lists\">                                                    <div class=\"feat_cap\">220,00\/h<\/div>\r\n                                                    <span class=\"media_screen\">OPIEKA NAD P\u0141ATNO\u015aCIAMI<\/span>                                        <\/div>\r\n                                    <\/li>                                    <li class=\"feature_style_1 ftcolor-41 altrowcolor\">\r\n                                        <div class=\"feature_lists\">                                                    <div class=\"feat_cap\">70,00\/str<\/div>\r\n                                                    <span class=\"media_screen\">SPRAWOZDANIA GUS<\/span>                                        <\/div>\r\n                                    <\/li>                                    <li class=\"feature_style_1 ftcolor-41 rowcolor\">\r\n                                        <div class=\"feature_lists\">                                                    <div class=\"feat_cap\">\u015brednia op\u0142ata miesi\u0119czna za us\u0142ugi ksi\u0119gowe<\/div>\r\n                                                    <span class=\"media_screen\">ZAMKNI\u0118CIE ROKU<\/span>                                        <\/div>\r\n                                    <\/li>                                    <li class=\"feature_style_1 ftcolor-41 altrowcolor\">\r\n                                        <div class=\"feature_lists\">                                                    <div class=\"feat_cap\">1,5 x \u015brednia op\u0142ata miesi\u0119czna za us\u0142ugi ksi\u0119gowe (min. 1 500,00)<\/div>\r\n                                                    <span class=\"media_screen\">SPRAWOZDANIE FINANSOWE<\/span>                                        <\/div>\r\n                                    <\/li>                                    <li class=\"feature_style_1 ftcolor-41 rowcolor last-feature\">\r\n                                        <div class=\"feature_lists\">                                                    <div class=\"feat_cap\">wycena indywidualna<\/div>\r\n                                                    <span class=\"media_screen\">POZOSTA\u0141E US\u0141UGI<\/span>                                        <\/div>\r\n                                    <\/li>\t\t\t\t\t\t\t<li class=\"pricing_table_button bbcolor-41 button-41\">\r\n\t\t\t\t\t\t\t\t<div class=\"button_code\">\r\n\t\t\t\t\t\t\t\t\t<a href=\"https:\/\/www.taxnetto.pl\/index.php\/kontakt\/\" class=\"action_button\">Wybieram<\/a>\r\n\t\t\t\t\t\t\t\t<\/div>\r\n\t\t\t\t\t\t\t<\/li>\r\n\t\t\t\t\t\t<\/ul>\r\n\t\t\t\t\t<\/div> <!-- End of package_details -->\r\n\t\t\t\t\t\t\t\t\t <!-- End of ForEach -->\r\n\t\t\t<\/div>\r\n\t\t<\/div>\r\n\t\t<div class=\"wrc_clear\"><\/div>\r\n\t\n","protected":false},"excerpt":{"rendered":"","protected":false},"author":1,"featured_media":0,"parent":32,"menu_order":0,"comment_status":"closed","ping_status":"closed","template":"elementor_header_footer","meta":[],"_links":{"self":[{"href":"https:\/\/www.taxnetto.pl\/index.php\/wp-json\/wp\/v2\/pages\/46"}],"collection":[{"href":"https:\/\/www.taxnetto.pl\/index.php\/wp-json\/wp\/v2\/pages"}],"about":[{"href":"https:\/\/www.taxnetto.pl\/index.php\/wp-json\/wp\/v2\/types\/page"}],"author":[{"embeddable":true,"href":"https:\/\/www.taxnetto.pl\/index.php\/wp-json\/wp\/v2\/users\/1"}],"replies":[{"embeddable":true,"href":"https:\/\/www.taxnetto.pl\/index.php\/wp-json\/wp\/v2\/comments?post=46"}],"version-history":[{"count":5,"href":"https:\/\/www.taxnetto.pl\/index.php\/wp-json\/wp\/v2\/pages\/46\/revisions"}],"predecessor-version":[{"id":1009,"href":"https:\/\/www.taxnetto.pl\/index.php\/wp-json\/wp\/v2\/pages\/46\/revisions\/1009"}],"up":[{"embeddable":true,"href":"https:\/\/www.taxnetto.pl\/index.php\/wp-json\/wp\/v2\/pages\/32"}],"wp:attachment":[{"href":"https:\/\/www.taxnetto.pl\/index.php\/wp-json\/wp\/v2\/media?parent=46"}],"curies":[{"name":"wp","href":"https:\/\/api.w.org\/{rel}","templated":true}]}}