{"id":20,"date":"2020-06-12T15:09:01","date_gmt":"2020-06-12T13:09:01","guid":{"rendered":"http:\/\/www.taxnetto.pl\/?page_id=20"},"modified":"2022-04-01T16:38:27","modified_gmt":"2022-04-01T14:38:27","slug":"o-nas","status":"publish","type":"page","link":"https:\/\/www.taxnetto.pl\/index.php\/o-nas\/","title":{"rendered":"O Nas"},"content":{"rendered":"\t\t<div data-elementor-type=\"wp-page\" data-elementor-id=\"20\" class=\"elementor elementor-20\">\n\t\t\t\t\t\t<div class=\"elementor-inner\">\n\t\t\t\t<div class=\"elementor-section-wrap\">\n\t\t\t\t\t\t\t\t\t<section class=\"elementor-section elementor-top-section elementor-element elementor-element-619e215e elementor-section-boxed elementor-section-height-default elementor-section-height-default\" data-id=\"619e215e\" data-element_type=\"section\">\n\t\t\t\t\t\t<div class=\"elementor-container elementor-column-gap-default\">\n\t\t\t\t\t\t\t<div class=\"elementor-row\">\n\t\t\t\t\t<div class=\"elementor-column elementor-col-66 elementor-top-column elementor-element elementor-element-124bc129\" data-id=\"124bc129\" data-element_type=\"column\">\n\t\t\t<div class=\"elementor-column-wrap elementor-element-populated\">\n\t\t\t\t\t\t\t<div class=\"elementor-widget-wrap\">\n\t\t\t\t\t\t<div class=\"elementor-element elementor-element-eeb8564 elementor-widget elementor-widget-text-editor\" data-id=\"eeb8564\" data-element_type=\"widget\" data-widget_type=\"text-editor.default\">\n\t\t\t\t<div class=\"elementor-widget-container\">\n\t\t\t\t\t\t\t\t<div class=\"elementor-text-editor elementor-clearfix\">\n\t\t\t\t<p style=\"text-align: center;\"><strong>Nasza misja<\/strong><\/p><p>Firma Tax-Netto to rzetelne biuro rachunkowe oferuj\u0105ce us\u0142ugi w zakresie prowadzenia:<\/p><ul><li>ksi\u0105g przychod\u00f3w i rozchod\u00f3w<\/li><li>ksi\u0105g handlowych<\/li><li>rycza\u0142tu<\/li><li>rozrachunk\u00f3w z us i zus<\/li><li>porad finansowych<\/li><li>sporz\u0105dzania deklaracji<\/li><li>zak\u0142adania firm<\/li><\/ul><p>Naszym celem jest nie tylko zgodne z przepisami ksi\u0119gowanie dokument\u00f3w, ale r\u00f3wnie\u017c optymalizacja podatk\u00f3w, w zakresie dopuszczanym przez prawo. \u015bwiadczymy zar\u00f3wno us\u0142ugi ksi\u0119gowe przez internet jako e-ksi\u0119gowo\u015b\u0107 z u\u017cyciem najnowocze\u015bniejszych aplikacji wymiany danych,jak i standardowe us\u0142ugi ksi\u0119gowe oparte o bezpo\u015bredni kontakt z klientem i przekazywanie dokument\u00f3w w formie papierowej.<\/p>\t\t\t\t\t<\/div>\n\t\t\t\t\t\t<\/div>\n\t\t\t\t<\/div>\n\t\t\t\t<div class=\"elementor-element elementor-element-d1767aa elementor-widget elementor-widget-image\" data-id=\"d1767aa\" data-element_type=\"widget\" data-widget_type=\"image.default\">\n\t\t\t\t<div class=\"elementor-widget-container\">\n\t\t\t\t\t\t\t\t<div class=\"elementor-image\">\n\t\t\t\t\t\t\t\t\t\t\t\t<img decoding=\"async\" width=\"640\" height=\"640\" src=\"https:\/\/www.taxnetto.pl\/wp-content\/uploads\/2020\/06\/drzwi_otwarte-1024x1024.png\" class=\"attachment-large size-large wp-image-314\" alt=\"\" loading=\"lazy\" srcset=\"https:\/\/www.taxnetto.pl\/wp-content\/uploads\/2020\/06\/drzwi_otwarte-1024x1024.png 1024w, https:\/\/www.taxnetto.pl\/wp-content\/uploads\/2020\/06\/drzwi_otwarte-300x300.png 300w, https:\/\/www.taxnetto.pl\/wp-content\/uploads\/2020\/06\/drzwi_otwarte-150x150.png 150w, https:\/\/www.taxnetto.pl\/wp-content\/uploads\/2020\/06\/drzwi_otwarte-768x768.png 768w, https:\/\/www.taxnetto.pl\/wp-content\/uploads\/2020\/06\/drzwi_otwarte-700x700.png 700w, https:\/\/www.taxnetto.pl\/wp-content\/uploads\/2020\/06\/drzwi_otwarte-520x520.png 520w, https:\/\/www.taxnetto.pl\/wp-content\/uploads\/2020\/06\/drzwi_otwarte-360x360.png 360w, https:\/\/www.taxnetto.pl\/wp-content\/uploads\/2020\/06\/drzwi_otwarte-250x250.png 250w, https:\/\/www.taxnetto.pl\/wp-content\/uploads\/2020\/06\/drzwi_otwarte-100x100.png 100w, https:\/\/www.taxnetto.pl\/wp-content\/uploads\/2020\/06\/drzwi_otwarte.png 1080w\" sizes=\"(max-width: 640px) 100vw, 640px\" \/>\t\t\t\t\t\t\t\t\t\t\t\t\t\t<\/div>\n\t\t\t\t\t\t<\/div>\n\t\t\t\t<\/div>\n\t\t\t\t\t\t<\/div>\n\t\t\t\t\t<\/div>\n\t\t<\/div>\n\t\t\t\t<div class=\"elementor-column elementor-col-33 elementor-top-column elementor-element elementor-element-2f32770\" data-id=\"2f32770\" data-element_type=\"column\">\n\t\t\t<div class=\"elementor-column-wrap elementor-element-populated\">\n\t\t\t\t\t\t\t<div class=\"elementor-widget-wrap\">\n\t\t\t\t\t\t<div class=\"elementor-element elementor-element-7f93e3fd elementor-align-justify elementor-widget elementor-widget-button\" data-id=\"7f93e3fd\" data-element_type=\"widget\" data-widget_type=\"button.default\">\n\t\t\t\t<div class=\"elementor-widget-container\">\n\t\t\t\t\t<div class=\"elementor-button-wrapper\">\n\t\t\t<a href=\"http:\/\/www.taxnetto.pl\/index.php\/kontakt\/\" class=\"elementor-button-link elementor-button elementor-size-sm\" role=\"button\">\n\t\t\t\t\t\t<span class=\"elementor-button-content-wrapper\">\n\t\t\t\t\t\t<span class=\"elementor-button-text\">Kontakt<\/span>\n\t\t<\/span>\n\t\t\t\t\t<\/a>\n\t\t<\/div>\n\t\t\t\t<\/div>\n\t\t\t\t<\/div>\n\t\t\t\t<div class=\"elementor-element elementor-element-7a9897d elementor-widget elementor-widget-text-editor\" data-id=\"7a9897d\" data-element_type=\"widget\" data-widget_type=\"text-editor.default\">\n\t\t\t\t<div class=\"elementor-widget-container\">\n\t\t\t\t\t\t\t\t<div class=\"elementor-text-editor elementor-clearfix\">\n\t\t\t\t<pre><strong>Biuro Czernich\u00f3w:<\/strong><br \/>tel. <strong>797 734 899<\/strong>\u00a0<br \/><strong>Biuro Cieszyn:<\/strong><br \/>tel. <strong>502 315 875<\/strong><\/pre>\t\t\t\t\t<\/div>\n\t\t\t\t\t\t<\/div>\n\t\t\t\t<\/div>\n\t\t\t\t<div class=\"elementor-element elementor-element-2842756 elementor-widget elementor-widget-text-editor\" data-id=\"2842756\" data-element_type=\"widget\" data-widget_type=\"text-editor.default\">\n\t\t\t\t<div class=\"elementor-widget-container\">\n\t\t\t\t\t\t\t\t<div class=\"elementor-text-editor elementor-clearfix\">\n\t\t\t\t<p><strong>\u015awiadectwa<\/strong><\/p>\t\t\t\t\t<\/div>\n\t\t\t\t\t\t<\/div>\n\t\t\t\t<\/div>\n\t\t\t\t<div class=\"elementor-element elementor-element-5d3bea43 elementor-widget elementor-widget-image\" data-id=\"5d3bea43\" data-element_type=\"widget\" data-widget_type=\"image.default\">\n\t\t\t\t<div class=\"elementor-widget-container\">\n\t\t\t\t\t\t\t\t<div class=\"elementor-image\">\n\t\t\t\t\t\t\t\t\t\t\t\t\t<a href=\"http:\/\/www.taxnetto.pl\/wp-content\/uploads\/2020\/06\/\u015aWIADECTWO.png\">\n\t\t\t\t\t\t\t<img decoding=\"async\" width=\"640\" height=\"243\" src=\"https:\/\/www.taxnetto.pl\/wp-content\/uploads\/2020\/06\/certyfikat-ministerstwa-finans\u00f3w.jpg\" class=\"attachment-large size-large wp-image-279\" alt=\"\" loading=\"lazy\" srcset=\"https:\/\/www.taxnetto.pl\/wp-content\/uploads\/2020\/06\/certyfikat-ministerstwa-finans\u00f3w.jpg 840w, https:\/\/www.taxnetto.pl\/wp-content\/uploads\/2020\/06\/certyfikat-ministerstwa-finans\u00f3w-300x114.jpg 300w, https:\/\/www.taxnetto.pl\/wp-content\/uploads\/2020\/06\/certyfikat-ministerstwa-finans\u00f3w-768x292.jpg 768w, https:\/\/www.taxnetto.pl\/wp-content\/uploads\/2020\/06\/certyfikat-ministerstwa-finans\u00f3w-700x266.jpg 700w, https:\/\/www.taxnetto.pl\/wp-content\/uploads\/2020\/06\/certyfikat-ministerstwa-finans\u00f3w-520x197.jpg 520w, https:\/\/www.taxnetto.pl\/wp-content\/uploads\/2020\/06\/certyfikat-ministerstwa-finans\u00f3w-360x137.jpg 360w, https:\/\/www.taxnetto.pl\/wp-content\/uploads\/2020\/06\/certyfikat-ministerstwa-finans\u00f3w-250x95.jpg 250w, https:\/\/www.taxnetto.pl\/wp-content\/uploads\/2020\/06\/certyfikat-ministerstwa-finans\u00f3w-100x38.jpg 100w\" sizes=\"(max-width: 640px) 100vw, 640px\" \/>\t\t\t\t\t\t\t\t<\/a>\n\t\t\t\t\t\t\t\t\t\t\t\t\t\t<\/div>\n\t\t\t\t\t\t<\/div>\n\t\t\t\t<\/div>\n\t\t\t\t<div class=\"elementor-element elementor-element-76a41d62 elementor-widget elementor-widget-text-editor\" data-id=\"76a41d62\" data-element_type=\"widget\" data-widget_type=\"text-editor.default\">\n\t\t\t\t<div class=\"elementor-widget-container\">\n\t\t\t\t\t\t\t\t<div class=\"elementor-text-editor elementor-clearfix\">\n\t\t\t\t<p><strong>Certyfikaty<\/strong><\/p>\t\t\t\t\t<\/div>\n\t\t\t\t\t\t<\/div>\n\t\t\t\t<\/div>\n\t\t\t\t<div class=\"elementor-element elementor-element-60d914c1 elementor-widget elementor-widget-image\" data-id=\"60d914c1\" data-element_type=\"widget\" data-widget_type=\"image.default\">\n\t\t\t\t<div class=\"elementor-widget-container\">\n\t\t\t\t\t\t\t\t<div class=\"elementor-image\">\n\t\t\t\t\t\t\t\t\t\t\t\t\t<a href=\"https:\/\/www.cik.org.pl\/biuro\/tax-netto-sp-z-o-o-7737\" target=\"_blank\">\n\t\t\t\t\t\t\t<img decoding=\"async\" width=\"400\" height=\"141\" src=\"https:\/\/www.taxnetto.pl\/wp-content\/uploads\/2020\/06\/cik-baner.png\" class=\"attachment-large size-large wp-image-178\" alt=\"cik-taxnetto\" loading=\"lazy\" srcset=\"https:\/\/www.taxnetto.pl\/wp-content\/uploads\/2020\/06\/cik-baner.png 400w, https:\/\/www.taxnetto.pl\/wp-content\/uploads\/2020\/06\/cik-baner-300x106.png 300w, https:\/\/www.taxnetto.pl\/wp-content\/uploads\/2020\/06\/cik-baner-360x127.png 360w, https:\/\/www.taxnetto.pl\/wp-content\/uploads\/2020\/06\/cik-baner-250x88.png 250w, https:\/\/www.taxnetto.pl\/wp-content\/uploads\/2020\/06\/cik-baner-100x35.png 100w\" sizes=\"(max-width: 400px) 100vw, 400px\" \/>\t\t\t\t\t\t\t\t<\/a>\n\t\t\t\t\t\t\t\t\t\t\t\t\t\t<\/div>\n\t\t\t\t\t\t<\/div>\n\t\t\t\t<\/div>\n\t\t\t\t<div class=\"elementor-element elementor-element-c3b3555 elementor-widget elementor-widget-spacer\" data-id=\"c3b3555\" data-element_type=\"widget\" data-widget_type=\"spacer.default\">\n\t\t\t\t<div class=\"elementor-widget-container\">\n\t\t\t\t\t<div class=\"elementor-spacer\">\n\t\t\t<div class=\"elementor-spacer-inner\"><\/div>\n\t\t<\/div>\n\t\t\t\t<\/div>\n\t\t\t\t<\/div>\n\t\t\t\t<div class=\"elementor-element elementor-element-f31198c elementor-widget elementor-widget-image\" data-id=\"f31198c\" data-element_type=\"widget\" data-widget_type=\"image.default\">\n\t\t\t\t<div class=\"elementor-widget-container\">\n\t\t\t\t\t\t\t\t<div class=\"elementor-image\">\n\t\t\t\t\t\t\t\t\t\t\t\t\t<a href=\"http:\/\/www.taxnetto.pl\/wp-content\/uploads\/2020\/07\/CERTYFIKAT-LOKALNI-KSIEGOWI-1.png\">\n\t\t\t\t\t\t\t<img decoding=\"async\" width=\"200\" height=\"65\" src=\"https:\/\/www.taxnetto.pl\/wp-content\/uploads\/2020\/07\/0-e1595589840329.png\" class=\"attachment-full size-full wp-image-417\" alt=\"\" loading=\"lazy\" srcset=\"https:\/\/www.taxnetto.pl\/wp-content\/uploads\/2020\/07\/0-e1595589840329.png 200w, https:\/\/www.taxnetto.pl\/wp-content\/uploads\/2020\/07\/0-e1595589840329-100x33.png 100w\" sizes=\"(max-width: 200px) 100vw, 200px\" \/>\t\t\t\t\t\t\t\t<\/a>\n\t\t\t\t\t\t\t\t\t\t\t\t\t\t<\/div>\n\t\t\t\t\t\t<\/div>\n\t\t\t\t<\/div>\n\t\t\t\t<div class=\"elementor-element elementor-element-6379dd52 elementor-align-justify elementor-widget elementor-widget-button\" data-id=\"6379dd52\" data-element_type=\"widget\" data-widget_type=\"button.default\">\n\t\t\t\t<div class=\"elementor-widget-container\">\n\t\t\t\t\t<div class=\"elementor-button-wrapper\">\n\t\t\t<a href=\"http:\/\/www.taxnetto.pl\/index.php\/cennik\/\" class=\"elementor-button-link elementor-button elementor-size-md\" role=\"button\">\n\t\t\t\t\t\t<span class=\"elementor-button-content-wrapper\">\n\t\t\t\t\t\t<span class=\"elementor-button-text\">Cennik<\/span>\n\t\t<\/span>\n\t\t\t\t\t<\/a>\n\t\t<\/div>\n\t\t\t\t<\/div>\n\t\t\t\t<\/div>\n\t\t\t\t<div class=\"elementor-element elementor-element-4ecc88b6 elementor-widget elementor-widget-text-editor\" data-id=\"4ecc88b6\" data-element_type=\"widget\" data-widget_type=\"text-editor.default\">\n\t\t\t\t<div class=\"elementor-widget-container\">\n\t\t\t\t\t\t\t\t<div class=\"elementor-text-editor elementor-clearfix\">\n\t\t\t\t<style type=\"text\/css\">\n.odnosnik {\n  color: #35393d; \/\/ Kolor zwyk\u0142ego odno\u015bnika\n  \/\/ inne style\n}\n.odnosnik:hover {\n  color: #eb5a25; \/\/ Kolor \"najechanego\" odno\u015bnika\n  \/\/ inne style\n}\n<\/style>\n<a href=\"http:\/\/www.taxnetto.pl\/index.php\/cennik\/ewidencja-ryczaltowa\/\" class=\"odnosnik\">Ewidnecja Rycza\u0142towa<\/a>\n<\/br>\n<\/style>\n<a href=\"http:\/\/www.taxnetto.pl\/index.php\/cennik\/ksiega-przychodow-i-rozchodow\/\" class=\"odnosnik\">Ksi\u0119ga Przychod\u00f3w i Rozchod\u00f3w<\/a>\n<\/br>\n<\/style>\n<a href=\"http:\/\/www.taxnetto.pl\/index.php\/cennik\/ksiegi-handlowe\/\" class=\"odnosnik\">Ksi\u0119gi Handlowe<\/a>\n<\/br>\n<\/style>\n<a href=\"http:\/\/www.taxnetto.pl\/index.php\/cennik\/kadry-i-place\/\" class=\"odnosnik\">Kadry i P\u0142ace<\/a>\n<\/br>\n<\/style>\n<a href=\"http:\/\/www.taxnetto.pl\/index.php\/cennik\/uslugi-dodatkowe\/\" class=\"odnosnik\">Us\u0142ugi Dodatkowe<\/a>\n<\/br>\n<\/style>\n<a href=\"http:\/\/www.taxnetto.pl\/index.php\/cennik\/oplaty-administracyjne\/\" class=\"odnosnik\">Op\u0142aty Administracyjne<\/a>\t\t\t\t\t<\/div>\n\t\t\t\t\t\t<\/div>\n\t\t\t\t<\/div>\n\t\t\t\t<div class=\"elementor-element elementor-element-4a4eff99 elementor-align-justify elementor-widget elementor-widget-button\" data-id=\"4a4eff99\" data-element_type=\"widget\" data-widget_type=\"button.default\">\n\t\t\t\t<div class=\"elementor-widget-container\">\n\t\t\t\t\t<div class=\"elementor-button-wrapper\">\n\t\t\t<a href=\"http:\/\/www.taxnetto.pl\/index.php\/zakladanie-firm\/\" class=\"elementor-button-link elementor-button elementor-size-sm\" role=\"button\">\n\t\t\t\t\t\t<span class=\"elementor-button-content-wrapper\">\n\t\t\t\t\t\t<span class=\"elementor-button-text\">Zak\u0142adanie Firm<\/span>\n\t\t<\/span>\n\t\t\t\t\t<\/a>\n\t\t<\/div>\n\t\t\t\t<\/div>\n\t\t\t\t<\/div>\n\t\t\t\t<div class=\"elementor-element elementor-element-5a89d60d elementor-widget elementor-widget-text-editor\" data-id=\"5a89d60d\" data-element_type=\"widget\" data-widget_type=\"text-editor.default\">\n\t\t\t\t<div class=\"elementor-widget-container\">\n\t\t\t\t\t\t\t\t<div class=\"elementor-text-editor elementor-clearfix\">\n\t\t\t\t<style type=\"text\/css\">\n.odnosnik {\n  color: #35393d; \/\/ Kolor zwyk\u0142ego odno\u015bnika\n  \/\/ inne style\n}\n.odnosnik:hover {\n  color: #eb5a25; \/\/ Kolor \"najechanego\" odno\u015bnika\n  \/\/ inne style\n}\n<\/br>\n<\/style>\n<a href=\"http:\/\/www.taxnetto.pl\/index.php\/zakladanie-firm\/dzialalnosc-gospodarcza\/\" class=\"odnosnik\">Dzia\u0142alno\u015b\u0107 Gospodarcza<\/a>\n<\/br>\n<\/style>\n<a href=\"http:\/\/www.taxnetto.pl\/index.php\/zakladanie-firm\/sp-z-o-o\/\" class=\"odnosnik\">Sp. z o.o.<\/a>\n<\/br>\n<\/style>\n<a href=\"http:\/\/www.taxnetto.pl\/index.php\/zakladanie-firm\/wirtualne-biuro\/\" class=\"odnosnik\">Wirtualne Biuro<\/a>\t\t\t\t\t<\/div>\n\t\t\t\t\t\t<\/div>\n\t\t\t\t<\/div>\n\t\t\t\t<div class=\"elementor-element elementor-element-7b491aa3 elementor-widget elementor-widget-text-editor\" data-id=\"7b491aa3\" data-element_type=\"widget\" data-widget_type=\"text-editor.default\">\n\t\t\t\t<div class=\"elementor-widget-container\">\n\t\t\t\t\t\t\t\t<div class=\"elementor-text-editor elementor-clearfix\">\n\t\t\t\t<p><strong>Artyku\u0142y<\/strong><\/p>\t\t\t\t\t<\/div>\n\t\t\t\t\t\t<\/div>\n\t\t\t\t<\/div>\n\t\t\t\t<div class=\"elementor-element elementor-element-539b418d elementor-widget elementor-widget-wp-widget-recent-posts\" data-id=\"539b418d\" data-element_type=\"widget\" data-widget_type=\"wp-widget-recent-posts.default\">\n\t\t\t\t<div class=\"elementor-widget-container\">\n\t\t\t\n\t\t\n\t\t<h5>.<\/h5>\n\t\t<ul>\n\t\t\t\t\t\t\t\t\t\t\t<li>\n\t\t\t\t\t<a href=\"https:\/\/www.taxnetto.pl\/index.php\/2023\/12\/13\/krajowy-system-e-faktur-ksef-cz-1\/\">Krajowy System e Faktur (KseF) cz.1<\/a>\n\t\t\t\t\t\t\t\t\t\t\t<span class=\"post-date\">2023-12-13<\/span>\n\t\t\t\t\t\t\t\t\t<\/li>\n\t\t\t\t\t\t\t\t\t\t\t<li>\n\t\t\t\t\t<a href=\"https:\/\/www.taxnetto.pl\/index.php\/2021\/12\/08\/nowy-lad\/\">Nowy \u0141ad a wynagrodzenia pracownik\u00f3w<\/a>\n\t\t\t\t\t\t\t\t\t\t\t<span class=\"post-date\">2021-12-08<\/span>\n\t\t\t\t\t\t\t\t\t<\/li>\n\t\t\t\t\t\t\t\t\t\t\t<li>\n\t\t\t\t\t<a href=\"https:\/\/www.taxnetto.pl\/index.php\/2021\/08\/23\/zmiany-w-jpk-od-lipca-2021\/\">Zmiany w JPK od lipca 2021<\/a>\n\t\t\t\t\t\t\t\t\t\t\t<span class=\"post-date\">2021-08-23<\/span>\n\t\t\t\t\t\t\t\t\t<\/li>\n\t\t\t\t\t\t\t\t\t\t\t<li>\n\t\t\t\t\t<a href=\"https:\/\/www.taxnetto.pl\/index.php\/2021\/06\/18\/jedziemy-z-tematem-3\/\">Jedziemy z tematem #3<\/a>\n\t\t\t\t\t\t\t\t\t\t\t<span class=\"post-date\">2021-06-18<\/span>\n\t\t\t\t\t\t\t\t\t<\/li>\n\t\t\t\t\t\t\t\t\t\t\t<li>\n\t\t\t\t\t<a href=\"https:\/\/www.taxnetto.pl\/index.php\/2021\/06\/18\/jedziemy-z-tematem-2\/\">Jedziemy z tematem #2<\/a>\n\t\t\t\t\t\t\t\t\t\t\t<span class=\"post-date\">2021-06-18<\/span>\n\t\t\t\t\t\t\t\t\t<\/li>\n\t\t\t\t\t<\/ul>\n\n\t\t\t\t<\/div>\n\t\t\t\t<\/div>\n\t\t\t\t<div class=\"elementor-element elementor-element-528b8530 elementor-widget elementor-widget-text-editor\" data-id=\"528b8530\" data-element_type=\"widget\" data-widget_type=\"text-editor.default\">\n\t\t\t\t<div class=\"elementor-widget-container\">\n\t\t\t\t\t\t\t\t<div class=\"elementor-text-editor elementor-clearfix\">\n\t\t\t\t<p><strong>Szukaj<\/strong><\/p>\t\t\t\t\t<\/div>\n\t\t\t\t\t\t<\/div>\n\t\t\t\t<\/div>\n\t\t\t\t<div class=\"elementor-element elementor-element-3538b254 elementor-widget elementor-widget-wp-widget-search\" data-id=\"3538b254\" data-element_type=\"widget\" data-widget_type=\"wp-widget-search.default\">\n\t\t\t\t<div class=\"elementor-widget-container\">\n\t\t\t<form role=\"search\" method=\"get\" class=\"search-form\" action=\"https:\/\/www.taxnetto.pl\/\">\n\t\t\t\t<label>\n\t\t\t\t\t<span class=\"screen-reader-text\">Szukaj:<\/span>\n\t\t\t\t\t<input type=\"search\" class=\"search-field\" placeholder=\"Szukaj &hellip;\" value=\"\" name=\"s\" \/>\n\t\t\t\t<\/label>\n\t\t\t\t<input type=\"submit\" class=\"search-submit\" value=\"Szukaj\" \/>\n\t\t\t<\/form>\t\t<\/div>\n\t\t\t\t<\/div>\n\t\t\t\t\t\t<\/div>\n\t\t\t\t\t<\/div>\n\t\t<\/div>\n\t\t\t\t\t\t\t\t<\/div>\n\t\t\t\t\t<\/div>\n\t\t<\/section>\n\t\t\t\t<section class=\"elementor-section elementor-top-section elementor-element elementor-element-8cd8921 elementor-section-boxed elementor-section-height-default elementor-section-height-default\" data-id=\"8cd8921\" data-element_type=\"section\">\n\t\t\t\t\t\t<div class=\"elementor-container elementor-column-gap-default\">\n\t\t\t\t\t\t\t<div class=\"elementor-row\">\n\t\t\t\t\t<div class=\"elementor-column elementor-col-100 elementor-top-column elementor-element elementor-element-b4e27b6\" data-id=\"b4e27b6\" data-element_type=\"column\">\n\t\t\t<div class=\"elementor-column-wrap elementor-element-populated\">\n\t\t\t\t\t\t\t<div class=\"elementor-widget-wrap\">\n\t\t\t\t\t\t<div class=\"elementor-element elementor-element-7523de9 elementor-widget elementor-widget-text-editor\" data-id=\"7523de9\" data-element_type=\"widget\" data-widget_type=\"text-editor.default\">\n\t\t\t\t<div class=\"elementor-widget-container\">\n\t\t\t\t\t\t\t\t<div class=\"elementor-text-editor elementor-clearfix\">\n\t\t\t\t<p><strong>Zaufali Nam<\/strong><\/p>\t\t\t\t\t<\/div>\n\t\t\t\t\t\t<\/div>\n\t\t\t\t<\/div>\n\t\t\t\t<div class=\"elementor-element elementor-element-2e1dadd elementor-arrows-position-inside elementor-pagination-position-outside elementor-widget elementor-widget-image-carousel\" data-id=\"2e1dadd\" data-element_type=\"widget\" data-settings=\"{&quot;slides_to_show&quot;:&quot;3&quot;,&quot;navigation&quot;:&quot;both&quot;,&quot;autoplay&quot;:&quot;yes&quot;,&quot;pause_on_hover&quot;:&quot;yes&quot;,&quot;pause_on_interaction&quot;:&quot;yes&quot;,&quot;autoplay_speed&quot;:5000,&quot;infinite&quot;:&quot;yes&quot;,&quot;speed&quot;:500}\" data-widget_type=\"image-carousel.default\">\n\t\t\t\t<div class=\"elementor-widget-container\">\n\t\t\t\t\t<div class=\"elementor-image-carousel-wrapper swiper-container\" dir=\"ltr\">\n\t\t\t<div class=\"elementor-image-carousel swiper-wrapper\">\n\t\t\t\t\t\t\t\t<div class=\"swiper-slide\"><figure class=\"swiper-slide-inner\"><img decoding=\"async\" class=\"swiper-slide-image\" src=\"https:\/\/www.taxnetto.pl\/wp-content\/uploads\/2020\/06\/unigraf.png\" alt=\"unigraf.png\" \/><\/figure><\/div><div class=\"swiper-slide\"><figure class=\"swiper-slide-inner\"><img decoding=\"async\" class=\"swiper-slide-image\" src=\"https:\/\/www.taxnetto.pl\/wp-content\/uploads\/2020\/06\/skimaxx.png\" alt=\"skimaxx.png\" \/><\/figure><\/div><div class=\"swiper-slide\"><figure class=\"swiper-slide-inner\"><img decoding=\"async\" class=\"swiper-slide-image\" src=\"https:\/\/www.taxnetto.pl\/wp-content\/uploads\/2020\/06\/gal_dekor.png\" alt=\"gal_dekor.png\" \/><\/figure><\/div><div class=\"swiper-slide\"><figure class=\"swiper-slide-inner\"><img decoding=\"async\" class=\"swiper-slide-image\" src=\"https:\/\/www.taxnetto.pl\/wp-content\/uploads\/2020\/06\/artigraf-1.png\" alt=\"artigraf-1.png\" \/><\/figure><\/div><div class=\"swiper-slide\"><figure class=\"swiper-slide-inner\"><img decoding=\"async\" class=\"swiper-slide-image\" src=\"https:\/\/www.taxnetto.pl\/wp-content\/uploads\/2020\/06\/sport-klub.png\" alt=\"sport-klub.png\" \/><\/figure><\/div><div class=\"swiper-slide\"><figure class=\"swiper-slide-inner\"><img decoding=\"async\" class=\"swiper-slide-image\" src=\"https:\/\/www.taxnetto.pl\/wp-content\/uploads\/2020\/06\/skk_200x150.png\" alt=\"skk_200x150.png\" \/><\/figure><\/div><div class=\"swiper-slide\"><figure class=\"swiper-slide-inner\"><img decoding=\"async\" class=\"swiper-slide-image\" src=\"https:\/\/www.taxnetto.pl\/wp-content\/uploads\/2020\/06\/trenerp_400x150-2.png\" alt=\"trenerp_400x150-2.png\" \/><\/figure><\/div><div class=\"swiper-slide\"><figure class=\"swiper-slide-inner\"><img decoding=\"async\" class=\"swiper-slide-image\" src=\"https:\/\/www.taxnetto.pl\/wp-content\/uploads\/2020\/07\/jjcar_logo_bt.jpg\" alt=\"jjcar_logo_bt\" \/><\/figure><\/div><div class=\"swiper-slide\"><figure class=\"swiper-slide-inner\"><img decoding=\"async\" class=\"swiper-slide-image\" src=\"https:\/\/www.taxnetto.pl\/wp-content\/uploads\/2020\/07\/lgo1a.png\" alt=\"lgo1a\" \/><\/figure><\/div>\t\t\t<\/div>\n\t\t\t\t\t\t\t\t\t\t\t\t<div class=\"swiper-pagination\"><\/div>\n\t\t\t\t\t\t\t\t\t\t\t\t\t<div class=\"elementor-swiper-button elementor-swiper-button-prev\">\n\t\t\t\t\t\t<i aria-hidden=\"true\" class=\"eicon-chevron-left\"><\/i>\t\t\t\t\t\t<span class=\"elementor-screen-only\">Poprzednie<\/span>\n\t\t\t\t\t<\/div>\n\t\t\t\t\t<div class=\"elementor-swiper-button elementor-swiper-button-next\">\n\t\t\t\t\t\t<i aria-hidden=\"true\" class=\"eicon-chevron-right\"><\/i>\t\t\t\t\t\t<span class=\"elementor-screen-only\">Nast\u0119pne<\/span>\n\t\t\t\t\t<\/div>\n\t\t\t\t\t\t\t\t\t<\/div>\n\t\t\t\t<\/div>\n\t\t\t\t<\/div>\n\t\t\t\t\t\t<\/div>\n\t\t\t\t\t<\/div>\n\t\t<\/div>\n\t\t\t\t\t\t\t\t<\/div>\n\t\t\t\t\t<\/div>\n\t\t<\/section>\n\t\t\t\t\t\t\t\t\t<\/div>\n\t\t\t<\/div>\n\t\t\t\t\t<\/div>\n\t\t","protected":false},"excerpt":{"rendered":"<p>Nasza misja Firma Tax-Netto to rzetelne biuro rachunkowe oferuj\u0105ce us\u0142ugi w zakresie prowadzenia: ksi\u0105g przychod\u00f3w i rozchod\u00f3w ksi\u0105g handlowych rycza\u0142tu rozrachunk\u00f3w z us i zus porad finansowych sporz\u0105dzania deklaracji zak\u0142adania firm Naszym celem jest nie tylko zgodne z przepisami ksi\u0119gowanie [&hellip;]<\/p>\n","protected":false},"author":1,"featured_media":0,"parent":0,"menu_order":0,"comment_status":"closed","ping_status":"closed","template":"elementor_header_footer","meta":[],"_links":{"self":[{"href":"https:\/\/www.taxnetto.pl\/index.php\/wp-json\/wp\/v2\/pages\/20"}],"collection":[{"href":"https:\/\/www.taxnetto.pl\/index.php\/wp-json\/wp\/v2\/pages"}],"about":[{"href":"https:\/\/www.taxnetto.pl\/index.php\/wp-json\/wp\/v2\/types\/page"}],"author":[{"embeddable":true,"href":"https:\/\/www.taxnetto.pl\/index.php\/wp-json\/wp\/v2\/users\/1"}],"replies":[{"embeddable":true,"href":"https:\/\/www.taxnetto.pl\/index.php\/wp-json\/wp\/v2\/comments?post=20"}],"version-history":[{"count":41,"href":"https:\/\/www.taxnetto.pl\/index.php\/wp-json\/wp\/v2\/pages\/20\/revisions"}],"predecessor-version":[{"id":859,"href":"https:\/\/www.taxnetto.pl\/index.php\/wp-json\/wp\/v2\/pages\/20\/revisions\/859"}],"wp:attachment":[{"href":"https:\/\/www.taxnetto.pl\/index.php\/wp-json\/wp\/v2\/media?parent=20"}],"curies":[{"name":"wp","href":"https:\/\/api.w.org\/{rel}","templated":true}]}}